{"id":1055,"date":"2021-12-01T14:57:26","date_gmt":"2021-12-01T13:57:26","guid":{"rendered":"https:\/\/portale.unime.it\/modelloricerca\/?page_id=1055"},"modified":"2023-11-06T16:19:08","modified_gmt":"2023-11-06T15:19:08","slug":"privacy-policy","status":"publish","type":"page","link":"https:\/\/portale.unime.it\/artme\/privacy-policy\/","title":{"rendered":"PRIVACY POLICY"},"content":{"rendered":"<div class=\"paragraph paragraph--type--semplice paragraph--view-mode--default\">\n<div class=\"clearfix text-formatted field field--name-field-testo-paragrafo field--type-text-long field--label-hidden field__item\">\n<p>L&#8217;Universit\u00e0 degli Studi di Messina si impegna a mettere in atto misure di tutela per il trattamento dei dati personali al fine di adeguare e mantenere lo stesso conforme al Nuovo Regolamento (UE) 2016\/679 del Parlamento Europeo e del Consiglio, del 27 aprile 2016 &#8211;\u00a0<em>Regolamento Generale sulla Protezione dei Dati Personali (RGPD) &#8211; relativo alla protezione delle persone fisiche con riguardo al trattamento dei dati personali, nonch\u00e9 alla libera circolazione di tali dati e che abroga la direttiva 95\/46\/CE<\/em>; e al Decreto Legislativo n. 196\/2003 &#8211;\u00a0<em>Codice in materia di protezione dei dati personali<\/em>\u00a0&#8211; cos\u00ec come adeguato al suddetto Regolamento dal D. Lgs. n. 101\/2018 del 10 Agosto 2018.<\/p>\n<p><strong>Il Titolare del trattamento \u00e8 l&#8217;Universit\u00e0 degli studi di Messina (Titolare),<\/strong><br \/>\n<strong>nella persona del Magnifico Rettore<\/strong><br \/>\ncon sede legale presso: Plesso Centrale dell&#8217;Ateneo, Piazza Pugliatti 1, 98125 Messina .<br \/>\nTelefono: 0906768900<br \/>\nEmail:\u00a0<a href=\"mailto:rettorato@unime.it\">rettorato@unime.it<\/a><br \/>\nPEC:\u00a0<a href=\"mailto:protocollo@pec.unime.it\">protocollo@pec.unime.it<\/a><\/p>\n<p><strong>Il Responsabile della protezione dei dati (RPD) \u00e8 la dott.ssa Daniela Prestipino.<\/strong><br \/>\nI dati di contatto del RPD sono:<br \/>\nTelefono: 0906768355<br \/>\nEmail:\u00a0<a href=\"mailto:rpd@unime.it\">rpd@unime.it<\/a><br \/>\nPEC:\u00a0<a href=\"mailto:protezionedati@pec.unime.it\">protezionedati@pec.unime.it<\/a><\/p>\n<p>Il trattamento dei dati personali &#8211; al quale \u00e8 associata una finalit\u00e0 collegata alla missione istituzionale dell&#8217;Ateneo (di didattica, di ricerca e di terza missione &#8211; descritte nello Statuto) \u00e8 necessario per lo svolgimento dei relativi compiti e attivit\u00e0 di carattere istituzionale. Il trattamento dei dati personali avviene in applicazioni delle norme vigenti; nel rispetto della dignit\u00e0 umana, dei diritti e delle libert\u00e0 fondamentali della persona (studenti, personale dell&#8217;Ateneo, utenti che si relazionano con l&#8217;Ateneo, portatori di interesse in genere) &#8211; art.1 del &#8220;nuovo&#8221; Codice D.Lgs. 196\/2003 \/ D. Lgs. 101\/2018. L&#8217;Ateneo si impegna a trattare i dati personali in maniera trasparente nei confronti dei soggetti interessati, cio\u00e8 le persone alle quali i dati si riferiscono.<\/p>\n<p>In generale, la base giuridica del trattamento, cio\u00e8 il presupposto di legge che lo configura come lecito, \u00e8 individuata nell&#8217;art. 6 comma 1 lettera e) del RGPD: &#8220;il trattamento \u00e8 necessario per l\u2019<em>esecuzione di un compito di interesse pubblico o connesso all\u2019esercizio di pubblici poteri<\/em>\u00a0di cui \u00e8 investito il titolare del trattamento&#8221;. Ulteriori basi di liceit\u00e0 prescritte dal regolamento Europeo (ad esempio il\u00a0<em>consenso<\/em>\u00a0o il l<em>egittimo interesse<\/em>), saranno specificate.<\/p>\n<p>I dati personali sono trattati secondo quanto indicato dall&#8217;art. 5 del RGPD: in modo lecito, corretto e trasparente; per finalit\u00e0 determinate, esplicite e legittime; nel rispetto dei principi di qualit\u00e0 dei dati (minimizzazione, esattezza e limitazione della conservazione), e dei requisiti di sicurezza\u00a0di cui all&#8217;art. 32 del RGPD (integrit\u00e0 e riservatezza; disponibilit\u00e0 e resilienza dei sistemi).<\/p>\n<p><em>Il soggetto interessato<\/em>\u00a0pu\u00f2 azionare il controllo sulle proprie informazioni esercitando i diritti declarati al CAPO III del RGPD: di informazione e accesso (artt.12-15) ottenendone origine, finalit\u00e0, copia, destinazione dei dati e base giuridica; potendone chiedere la rettifica (artt.16,19) e\/o la cancellazione (artt.17, 19), la limitazione di trattamento (artt.18, 19) o l&#8217;esistenza di un processo decisionale automatizzato (art. 22).<\/p>\n<p>Il soggetto interessato in qualsiasi momento pu\u00f2 opporsi al trattamento (art. 21), revocare il consenso (senza tuttavia pregiudicare la liceit\u00e0 del trattamento basata sul consenso prestato prima della revoca, art. 7); inoltre pu\u00f2 proporre reclamo all&#8217;Autorit\u00e0 di Controllo (art.15). Per l&#8217;esercizio dei suddetti diritti \u00e8 disponibile il seguente\u00a0<a href=\"https:\/\/www.garanteprivacy.it\/web\/guest\/home\/docweb\/-\/docweb-display\/docweb\/1089924\" target=\"_blank\" rel=\"noopener noreferrer\">modulo<\/a>.<\/p>\n<p>L&#8217;Autorit\u00e0 di Controllo nazionale italiana in materia di protezione dei dati personali \u00e8 Il Garante per la protezione dei dati personali (Garante Privacy).<br \/>\n<a href=\"http:\/\/www.garanteprivacy.it\/\" target=\"_blank\" rel=\"noopener noreferrer\">http:\/\/www.garanteprivacy.it<\/a>.<\/p>\n<p>Per azionare i propri diritti l&#8217;interessato pu\u00f2 contattare il Titolare o il Responsabile della Protezione dei Dati.<\/p>\n<p>Si consiglia la consultazione periodica di questa sezione del portale per conoscere gli aggiornamenti informativi e le iniziative dell&#8217;Ateneo sull&#8217;argomento.<\/p>\n<\/div>\n<\/div>\n<div class=\"paragraph paragraph--type--semplice paragraph--view-mode--default\">\n<div class=\"field field--name-field-titolo-paragrafo field--type-string field--label-hidden field__item\"><strong>Trattamento dei dati personali: informazioni per i soggetti interessati<\/strong><\/div>\n<div class=\"clearfix text-formatted field field--name-field-testo-paragrafo field--type-text-long field--label-hidden field__item\">\n<p>Per favorire e organizzare in maniera strutturata la compilazione delle informative sul trattamento ai sensi degli artt. 12-13-14 del Regolamento Generale per la protezione dei dati personali,\u00a0<a href=\"https:\/\/www.garanteprivacy.it\/web\/guest\/home\/docweb\/-\/docweb-display\/docweb\/6264597\" target=\"_blank\" rel=\"noopener noreferrer\">679\/2016<\/a>, \u00e8 stato predisposto un apposito modello, disponibile a richiesta da prodursi tramite posta elettronica al\u00a0Titolare, al\u00a0Referente Interno del Trattamento della struttura di appartenenza\u00a0o al\u00a0Responsabile per la Protezione dei Dati di Ateneo.<\/p>\n<\/div>\n<\/div>\n<div class=\"paragraph paragraph--type--semplice paragraph--view-mode--default\">\n<div class=\"field field--name-field-titolo-paragrafo field--type-string field--label-hidden field__item\"><strong>Piano RGPD<\/strong><\/div>\n<div class=\"clearfix text-formatted field field--name-field-testo-paragrafo field--type-text-long field--label-hidden field__item\">\n<p>Gli Organi Collegiali dell&#8217;Ateneo, nella seduta del 30 Ottobre 2018, hanno approvato il &lt;&lt;<em>Piano per l\u2019applicazione in Unime del Regolamento Europeo 679\/2016 e del Codice in materia di protezione dei dati personali D.Lgs 196\/2003 come modificato dal D.Lgs. 101\/2018<\/em>&gt;&gt;.<br \/>\nRiferimenti: Delibera del Senato Accademinco Rep. 377\/2018. Delibera del Consiglio di Amministrazione Rep. 457\/2018.<\/p>\n<p>Nel piano sono state inserite 7 azioni ritenute prioritarie: Formazione; Organizzazione funzionale interna; Gestione e misura del rischio; Gestione e esecuzione del trattamento; Informative e le misure di tutela; Controllo sull\u2019affidamento del trattamento a Responsabili (esterni); Regolamentazione interna.<\/p>\n<p>Il piano \u00e8 stato articolato per configurare le azioni e le priorit\u00e0 di intervento affinch\u00e9 non solo rispondano a esigenze puntuali e immediate di adeguamento, ma che \u2013 nel contesto di un\u2019analisi preventiva e delle misure di tutela che da questa derivano \u2013 tali azioni possano concretizzarsi in una serie di attivit\u00e0 specifiche e dimostrabili, riesaminate e aggiornate nell\u2019ottica di un miglioramento continuo.<\/p>\n<\/div>\n<\/div>\n<div class=\"paragraph paragraph--type--semplice paragraph--view-mode--default\">\n<div class=\"field field--name-field-titolo-paragrafo field--type-string field--label-hidden field__item\">Formazione<\/div>\n<div class=\"clearfix text-formatted field field--name-field-testo-paragrafo field--type-text-long field--label-hidden field__item\">\n<p>La formazione in materia di protezione dei dati personali rientra tra le azioni programmate dall&#8217;Ateneo per l&#8217;attuazione del percorso di\u00a0<em>compliance<\/em>\u00a0al Regolamento Europeo e al \u201cnuovo\u201d Codice. Gli obiettivi principali sono:<\/p>\n<ul>\n<li>istruire le risorse che partecipano alla gestione e al trattamento dei dati personali fornendo loro le conoscenze necessarie;<\/li>\n<li>favorire, incrementare e diffondere la consapevolezza, l\u2019attenzione e l\u2019interesse di tutta la comunit\u00e0 accademica sulla protezione dei dati personali e sulle relative implicazioni.<\/li>\n<\/ul>\n<\/div>\n<\/div>\n<p><span data-ccp-props=\"{\">\u00a0<\/span><\/p>\n<p><b><span data-contrast=\"auto\">CHE COSA SONO I COOKIE?<\/span><\/b><br \/>\n<span data-contrast=\"auto\">I cookie sono identificatori univoci, generalmente composti di piccole stringhe di testo o codice. Di regola, i cookie sono memorizzati sul vostro dispositivo o nel vostro browser e inviano determinate informazioni alla parte che ha trasmesso il cookie. Quando parliamo di cookie, ci riferiamo in realt\u00e0 a una pi\u00f9 vasta gamma di tecnologie piuttosto che soltanto ai cookie, compresi web beacon, clear gifs, pixel e altre tecnologie simili. Quando parliamo di cookie proprietari, intendiamo i cookie trasmessi da <a href=\"https:\/\/artme.unime.it\/\">https:\/\/artme.unime.it\/ <\/a><\/span><span data-contrast=\"auto\">Quando parliamo di cookie di terzi, intendiamo i cookie trasmessi da soggetti terzi estranei a<br \/>\n<a href=\"https:\/\/artme.unime.it\/\">https:\/\/artme.unime.it\/<\/a><br \/>\n<\/span><\/p>\n<p><b><span data-contrast=\"auto\">COME SONO UTILIZZATI I COOKIE?<\/span><\/b><br \/>\n<span data-contrast=\"auto\">I cookie sono utilizzati per comprendere meglio come lavorano le applicazioni e i siti web e per ottimizzare le esperienze online e mobili. I cookie fanno ci\u00f2 consentendo alla parte che trasmette il cookie di analizzare le prestazioni di un sito web o di\u00a0un&#8217;app\u00a0mobile, di identificare determinati utenti in modo anonimo e ricordare le loro preferenze, di comprendere meglio se un computer o dispositivo (e probabilmente il suo utente) ha gi\u00e0 visitato un sito web e di fornire pubblicit\u00e0 personalizzate.<\/span><span data-ccp-props=\"{\">\u00a0<\/span><\/p>\n<p><b><span data-contrast=\"auto\">IN CHE MODO POSSO EVITARE I COOKIE?<\/span><\/b><br \/>\n<span data-contrast=\"auto\">Potete evitare determinati cookie configurando le impostazioni del vostro browser o disattivando direttamente la parte che gestisce e controlla i cookie. Controllate le impostazioni del vostro browser per informazioni pi\u00f9 dettagliate. Disabilitare i cookie potrebbe impedire il corretto funzionamento di alcune funzionalit\u00e0 di questo sito.<\/span><br \/>\n<span data-contrast=\"auto\">Per informazioni dettagliate sulla procedura necessaria \u00e8 possibile consultare la guida del browser.\u00a0<\/span><span data-ccp-props=\"{\">\u00a0<\/span><\/p>\n<p><span data-contrast=\"auto\">Per una panoramica dei browser pi\u00f9 comuni, visitare l&#8217;indirizzo<\/span><br \/>\n<a href=\"http:\/\/www.cookiepedia.co.uk\/index.php?title=How_to_Manage_Cookies\"><span data-contrast=\"auto\">http:\/\/www.cookiepedia.co.uk\/index.php?title=How_to_Manage_Cookies<\/span><\/a><span data-contrast=\"auto\">\u00a0<\/span><br \/>\n<span data-contrast=\"auto\">oppure\u00a0<\/span><a href=\"http:\/\/www.aboutcookies.org\/\"><span data-contrast=\"auto\">http:\/\/www.aboutcookies.org\/<\/span><br \/>\n<\/a><span data-contrast=\"auto\">Le societ\u00e0 pubblicitarie consentono inoltre di rinunciare alla ricezione di annunci mirati, se lo si desidera. Ci\u00f2 non impedisce l&#8217;impostazione dei cookie, ma interrompe l&#8217;utilizzo e la raccolta di alcuni dati da parte di tali societ\u00e0. Per maggiori informazioni e possibilit\u00e0 di rinuncia, visitare l&#8217;indirizzo\u00a0<\/span><a href=\"http:\/\/www.youronlinechoices.eu\/\"><span data-contrast=\"auto\">http:\/\/www.youronlinechoices.eu\/<\/span><\/a><span data-ccp-props=\"{\">\u00a0<\/span><\/p>\n<p><b><span data-contrast=\"auto\">CHE TIPI DI COOKIE SONO UTILIZZATI NEL SITO<\/span><\/b><span data-contrast=\"auto\">?<\/span><br \/>\n<span data-contrast=\"auto\">Il sito\u00a0 <a href=\"https:\/\/artme.unime.it\/\">https:\/\/artme.unime.it\/<\/a><br \/>\n<\/span><span data-contrast=\"auto\">utilizza Google Custom\u00a0Search\u00a0Engine per fornire la funzionalit\u00e0 di ricerca. Google potrebbe installare dei cookies quando usi la funzione cerca o navighi sul sito. Per maggiori informazioni sulle politiche in materia di privacy di Google visitare il sito\u00a0<\/span><a href=\"http:\/\/www.google.com\/policies\/privacy\/\"><span data-contrast=\"auto\">www.google.com\/policies\/privacy\/<\/span><\/a><span data-contrast=\"auto\">.<\/span><\/p>\n<p><span data-contrast=\"auto\">MAGGIORI INFORMAZIONI<\/span><br \/>\n<span data-contrast=\"auto\">Speriamo di aver descritto con chiarezza l&#8217;uso dei cookie su questo sito per consentirvi di stabilire se ci sono cookie che voi ritenete pi\u00f9 o meno sicuri in relazione all&#8217;utilizzo che fate del nostro sito. Tuttavia, se siete ancora alla ricerca di maggiori informazioni, allora potete contattarci attraverso uno dei nostri metodi di contatto preferiti.<\/span><span data-ccp-props=\"{\">\u00a0<\/span><\/p>\n","protected":false},"excerpt":{"rendered":"<p>L&#8217;Universit\u00e0 degli Studi di Messina si impegna a mettere in atto misure di tutela per il trattamento dei dati personali al fine di adeguare e mantenere lo stesso conforme al Nuovo Regolamento (UE) 2016\/679 del Parlamento Europeo e del Consiglio, del 27 aprile 2016 &#8211;\u00a0Regolamento Generale sulla Protezione dei Dati Personali (RGPD) &#8211; relativo alla&hellip; <a class=\"more-link\" href=\"https:\/\/portale.unime.it\/artme\/privacy-policy\/\">Continua a leggere <span class=\"screen-reader-text\">PRIVACY POLICY<\/span><\/a><\/p>\n","protected":false},"author":114,"featured_media":0,"parent":0,"menu_order":0,"comment_status":"closed","ping_status":"closed","template":"tw-no-title.php","meta":[],"_links":{"self":[{"href":"https:\/\/portale.unime.it\/artme\/wp-json\/wp\/v2\/pages\/1055"}],"collection":[{"href":"https:\/\/portale.unime.it\/artme\/wp-json\/wp\/v2\/pages"}],"about":[{"href":"https:\/\/portale.unime.it\/artme\/wp-json\/wp\/v2\/types\/page"}],"author":[{"embeddable":true,"href":"https:\/\/portale.unime.it\/artme\/wp-json\/wp\/v2\/users\/114"}],"replies":[{"embeddable":true,"href":"https:\/\/portale.unime.it\/artme\/wp-json\/wp\/v2\/comments?post=1055"}],"version-history":[{"count":3,"href":"https:\/\/portale.unime.it\/artme\/wp-json\/wp\/v2\/pages\/1055\/revisions"}],"predecessor-version":[{"id":1795,"href":"https:\/\/portale.unime.it\/artme\/wp-json\/wp\/v2\/pages\/1055\/revisions\/1795"}],"wp:attachment":[{"href":"https:\/\/portale.unime.it\/artme\/wp-json\/wp\/v2\/media?parent=1055"}],"curies":[{"name":"wp","href":"https:\/\/api.w.org\/{rel}","templated":true}]}}