{"id":628,"date":"2015-11-22T12:33:16","date_gmt":"2015-11-22T11:33:16","guid":{"rendered":"http:\/\/portale.unime.it\/agon\/?page_id=628"},"modified":"2024-07-01T07:20:42","modified_gmt":"2024-07-01T05:20:42","slug":"porta-adriana-mabel","status":"publish","type":"page","link":"https:\/\/portale.unime.it\/agon\/autori\/m-r\/porta-adriana-mabel\/","title":{"rendered":"Porta Adriana Mabel"},"content":{"rendered":"<p><strong><a href=\"http:\/\/portale.unime.it\/agon\/files\/2015\/11\/0601.pdf\">Del tango a la RAE: el lunfardo en los diccionarios de la lengua espa\u00f1ola<\/a><\/strong><\/p>\n<h4><a href=\"http:\/\/portale.unime.it\/agon\/files\/2021\/01\/2704.pdf\"><strong>INMIGRACI\u00d3N, LITERATURA E INTEGRACI\u00d3N: NOTAS PARA UNA DID\u00c1CTICA INCLUSIVA \/ <\/strong><\/a><a href=\"http:\/\/portale.unime.it\/agon\/files\/2021\/01\/2704.pdf\"><strong>IMMIGRATION, LITERATURE AND INTEGRATION: NOTES FOR INCLUSIVE TEACHING<\/strong><\/a><\/h4>\n<h4 class=\"p4\"><a href=\"http:\/\/portale.unime.it\/agon\/files\/2021\/11\/3005.pdf\"><b>M\u00c1S LUCES QUE SOMBRAS. LA COMUNIDAD CALABRESA EN ARGENTINA DURANTE LA \u00daLTIMA DICTADURA MILITAR<\/b><\/a><\/h4>\n<h4 class=\"p5\"><a href=\"http:\/\/portale.unime.it\/agon\/files\/2021\/11\/3005.pdf\"><span class=\"s1\"><b>MORE LIGHTS THAN SHADOWS. THE CALABRIAN COMMUNITY\u00a0IN ARGENTINA DURING THE LAST MILITARY DICTATORSHIP<\/b><\/span><\/a><\/h4>\n<h4 class=\"p2\"><a href=\"http:\/\/portale.unime.it\/agon\/files\/2023\/05\/3605.pdf\"><b>LAS FORMAS DE REPRODUCCI\u00d3N DEL DISCURSO. POLIFON\u00cdA E INTERTEXTUALIDAD EN LA RECOPILACI\u00d3N DE LA INFORMACI\u00d3N SUMARIA \/ R<\/b><b style=\"font-family: inherit\">EPRODUCTION SPEECH. POLYPHONY AND INTERTEXTUALITY IN THE SUMMARY INFORMATION\u00a0<\/b><\/a><\/h4>\n<h4><a href=\"http:\/\/portale.unime.it\/agon\/files\/2023\/10\/S2107.pdf\"><strong>DIFICULTADES Y ESTRATEGIAS DE TRADUCCI\u00d3N EN <em>L\u2019OSTERIA DEI BISTICCI E DEGLI AMORI<\/em> DE VIRGINIA HIGA \/ C<\/strong><strong style=\"font-family: inherit\">HALLENGES AND TRANSLATION STRATEGIES IN <em>L\u2019OSTERIA DEI BISTICCI E DEGLI AMORI<\/em> BY VIRGINIA HIGA\u00a0<\/strong><\/a><\/h4>\n<h4><a href=\"http:\/\/portale.unime.it\/agon\/files\/2024\/04\/4007.pdf\"><strong>LA ENUNCIACI\u00d3N EN LOS PROCESOS PENALES EN EL SIGLO XVIII BONAERENSE<\/strong><\/a><\/h4>\n<h4><a href=\"http:\/\/portale.unime.it\/agon\/files\/2024\/04\/4007.pdf\"><strong>ENUNCIATION IN CRIMINAL PROCEEDINGS IN XVIII<\/strong><strong> CENTURY<\/strong><strong> BUENOS AIRES\u00a0<\/strong><\/a><\/h4>\n<h4><a href=\"http:\/\/portale.unime.it\/agon\/files\/2024\/07\/4105.pdf\"><strong>LAS MARCAS DE REMISI\u00d3N ANAF\u00d3RICA EN LOS DOCUMENTOS PROBATORIOS (SIGLO XVIII)<\/strong><\/a><\/h4>\n<h4><a href=\"http:\/\/portale.unime.it\/agon\/files\/2024\/07\/4105.pdf\"><strong>ANAPHORIC REFERENCES MARKS IN LEGAL PROBATORY DOCUMENTS (18TH CENTURY)<\/strong><\/a><\/h4>\n","protected":false},"excerpt":{"rendered":"<p>Del tango a la RAE: el lunfardo en los diccionarios de la lengua espa\u00f1ola INMIGRACI\u00d3N, LITERATURA E INTEGRACI\u00d3N: NOTAS PARA UNA DID\u00c1CTICA INCLUSIVA \/ IMMIGRATION, LITERATURE AND INTEGRATION: NOTES FOR INCLUSIVE TEACHING M\u00c1S LUCES QUE SOMBRAS. LA COMUNIDAD CALABRESA EN &hellip; <a href=\"https:\/\/portale.unime.it\/agon\/autori\/m-r\/porta-adriana-mabel\/\">Continua a leggere<span class=\"meta-nav\">&rarr;<\/span><\/a><\/p>\n","protected":false},"author":13,"featured_media":0,"parent":1238,"menu_order":0,"comment_status":"closed","ping_status":"closed","template":"","meta":[],"_links":{"self":[{"href":"https:\/\/portale.unime.it\/agon\/wp-json\/wp\/v2\/pages\/628"}],"collection":[{"href":"https:\/\/portale.unime.it\/agon\/wp-json\/wp\/v2\/pages"}],"about":[{"href":"https:\/\/portale.unime.it\/agon\/wp-json\/wp\/v2\/types\/page"}],"author":[{"embeddable":true,"href":"https:\/\/portale.unime.it\/agon\/wp-json\/wp\/v2\/users\/13"}],"replies":[{"embeddable":true,"href":"https:\/\/portale.unime.it\/agon\/wp-json\/wp\/v2\/comments?post=628"}],"version-history":[{"count":10,"href":"https:\/\/portale.unime.it\/agon\/wp-json\/wp\/v2\/pages\/628\/revisions"}],"predecessor-version":[{"id":3369,"href":"https:\/\/portale.unime.it\/agon\/wp-json\/wp\/v2\/pages\/628\/revisions\/3369"}],"up":[{"embeddable":true,"href":"https:\/\/portale.unime.it\/agon\/wp-json\/wp\/v2\/pages\/1238"}],"wp:attachment":[{"href":"https:\/\/portale.unime.it\/agon\/wp-json\/wp\/v2\/media?parent=628"}],"curies":[{"name":"wp","href":"https:\/\/api.w.org\/{rel}","templated":true}]}}