{"id":566,"date":"2015-08-03T10:30:20","date_gmt":"2015-08-03T08:30:20","guid":{"rendered":"http:\/\/portale.unime.it\/agon\/?page_id=566"},"modified":"2023-10-31T20:32:19","modified_gmt":"2023-10-31T19:32:19","slug":"lagana-antonino","status":"publish","type":"page","link":"https:\/\/portale.unime.it\/agon\/autori\/g-l\/lagana-antonino\/","title":{"rendered":"Lagan\u00e0 Antonino"},"content":{"rendered":"<h4><strong><a href=\"http:\/\/portale.unime.it\/agon\/files\/2015\/08\/0505.pdf\"><i>Migrazione, invasione, egemonia<\/i><\/a><\/strong><\/h4>\n<h4><a href=\"http:\/\/portale.unime.it\/agon\/files\/2017\/11\/1404.pdf\"><strong><em>Problemi sociali irrisolti<\/em><\/strong><\/a><\/h4>\n<h4><a href=\"http:\/\/portale.unime.it\/agon\/files\/2020\/06\/S1105.pdf\"><strong><em>Motivazioni sociali della fede<\/em><\/strong><\/a><\/h4>\n<h4><a href=\"http:\/\/portale.unime.it\/agon\/files\/2018\/12\/S1111.pdf\"><strong><em>Postfazione<\/em><\/strong><\/a><\/h4>\n<h4 style=\"text-align: left\"><a href=\"http:\/\/portale.unime.it\/agon\/files\/2019\/03\/S1205.pdf\"><strong>Il Gramsci di un nuovo inizio:\u00a0<\/strong><strong><em>Nota in margine (pag. 220)<\/em><\/strong><\/a><\/h4>\n<h4><a href=\"http:\/\/portale.unime.it\/agon\/files\/2019\/12\/2303.pdf\"><b>SULL\u2019IDOLATRIA<\/b><\/a><\/h4>\n<h4><strong><a href=\"http:\/\/portale.unime.it\/agon\/files\/2020\/10\/2608.pdf\">L\u2019ANTRO DEL CICLOPE \/ <\/a><a href=\"http:\/\/portale.unime.it\/agon\/files\/2020\/10\/2608.pdf\">THE CYCLOPS\u2019S CAVE<\/a><\/strong><\/h4>\n<h4 class=\"p1\"><a href=\"http:\/\/portale.unime.it\/agon\/files\/2021\/08\/2907.pdf\"><b>NESSUNA BUONA AZIONE RESTA IMPUNITA \/ <\/b><\/a><a href=\"http:\/\/portale.unime.it\/agon\/files\/2021\/08\/2907.pdf\"><b>NO GOOD DEED GOES UNPUNISHED<\/b><\/a><\/h4>\n<h4 class=\"p7\" style=\"text-align: left\"><span style=\"color: #008ad4\"><a style=\"color: #008ad4\" href=\"https:\/\/wp.me\/P727kM-J7\"><em><b>SPIGOLATURE TEORETICHE<\/b><\/em><\/a> \/\u00a0<a style=\"color: #008ad4\" href=\"https:\/\/wp.me\/P727kM-J7\"><em><b>THEORETICAL GLEANINGS<\/b><\/em><\/a><\/span><\/h4>\n<h4 class=\"p4\"><a href=\"http:\/\/portale.unime.it\/agon\/files\/2021\/11\/3002.pdf\"><b>PENSIERI IN LIBERT\u00c0\u00a0 &#8211;\u00a0 <\/b><\/a><a href=\"http:\/\/portale.unime.it\/agon\/files\/2021\/11\/3002.pdf\"><b>FREE THOUGHTS<\/b><\/a><\/h4>\n<h4><a href=\"http:\/\/portale.unime.it\/agon\/files\/2021\/12\/S1900.pdf\"><strong>Premessa [Introduction]<\/strong><\/a><\/h4>\n<h4><a href=\"http:\/\/portale.unime.it\/agon\/files\/2021\/12\/S1901.pdf\"><strong>Sull\u2019imposta [On Taxation]<\/strong><\/a><\/h4>\n<h4><a href=\"http:\/\/portale.unime.it\/agon\/files\/2021\/12\/S1903.pdf\"><strong>Migrazione, invasione, egemonia [Migration, Invasion, Hegemony]<\/strong><\/a><\/h4>\n<h4><a href=\"http:\/\/portale.unime.it\/agon\/files\/2021\/12\/S1904.pdf\"><strong>Problemi sociali irrisolti [Unresolved Social Problems]<\/strong><\/a><\/h4>\n<h4><strong><a href=\"http:\/\/portale.unime.it\/agon\/files\/2021\/12\/S1905.pdf\">Idea della \u00abfrontiera\u00bb [An Idea of the \u00abFrontier\u00bb]<\/a><\/strong><\/h4>\n<h4><a href=\"http:\/\/portale.unime.it\/agon\/files\/2021\/12\/S1906.pdf\"><strong>Il riso dell\u2019\u00abunico\u00bb [On the \u00abUnique\u00bb\u2019s Laugh]<\/strong><\/a><\/h4>\n<h4><a href=\"http:\/\/portale.unime.it\/agon\/files\/2021\/12\/S1907.pdf\"><strong>Alienazione e persona umana [On Alienation and Human Person]<\/strong><\/a><\/h4>\n<h4><a href=\"http:\/\/portale.unime.it\/agon\/files\/2021\/12\/S1908.pdf\"><strong>Per una filosofia dell\u2019uomo [For a Philosophy of Man]<\/strong><\/a><\/h4>\n<h4><strong><a href=\"http:\/\/portale.unime.it\/agon\/files\/2022\/07\/3304.pdf\">PR\u00d4T\u00ca ARCH\u00ca<\/a>\u00a0\/<a style=\"font-weight: 300\" href=\"http:\/\/portale.unime.it\/agon\/files\/2022\/07\/3304.pdf\">ON FIRST PRINCIPLE\u00a0<\/a><\/strong><\/h4>\n<h4><a href=\"http:\/\/portale.unime.it\/agon\/files\/2022\/10\/3402.pdf\"><strong>PHYSIS NOMOS KRATOS \/<\/strong><\/a>\u00a0<a href=\"http:\/\/portale.unime.it\/agon\/files\/2022\/10\/3402.pdf\"><strong>NATURE LAW FORCE\u00a0<\/strong><\/a><\/h4>\n<h4 class=\"p2\"><a href=\"http:\/\/portale.unime.it\/agon\/files\/2023\/06\/3606.pdf\"><b>VISIONI IN LIBERT\u00c0 \/ F<\/b><b style=\"font-family: inherit\">REE VISIONS\u00a0<\/b><\/a><\/h4>\n<h4 class=\"p3\"><a href=\"https:\/\/portale.unime.it\/agon\/files\/2023\/08\/3701.pdf\"><b>LA SOCIET\u00c0 PERVERSA. LUPATTIERI, DOTTRINARI, PERSUASORI OCCULTI <\/b><\/a><\/h4>\n<h4 class=\"p3\"><a href=\"https:\/\/portale.unime.it\/agon\/files\/2023\/08\/3701.pdf\"><b>THE PERVERSE SOCIETY. WOLF HUNTERS, DOCTRINARIANS, HIDDEN PERSUADERS\u00a0<\/b><\/a><\/h4>\n<h4><a href=\"http:\/\/portale.unime.it\/agon\/files\/2023\/10\/3802.pdf\"><strong>PENSIERI IN MOVIMENTO \/ T<\/strong><strong style=\"font-family: inherit\">HOUGHTS IN MOTION\u00a0<\/strong><\/a><\/h4>\n<h4><strong>\u00a0<\/strong><\/h4>\n","protected":false},"excerpt":{"rendered":"<p>Migrazione, invasione, egemonia Problemi sociali irrisolti Motivazioni sociali della fede Postfazione Il Gramsci di un nuovo inizio:\u00a0Nota in margine (pag. 220) SULL\u2019IDOLATRIA L\u2019ANTRO DEL CICLOPE \/ THE CYCLOPS\u2019S CAVE NESSUNA BUONA AZIONE RESTA IMPUNITA \/ NO GOOD DEED GOES UNPUNISHED &hellip; <a href=\"https:\/\/portale.unime.it\/agon\/autori\/g-l\/lagana-antonino\/\">Continua a leggere<span class=\"meta-nav\">&rarr;<\/span><\/a><\/p>\n","protected":false},"author":13,"featured_media":0,"parent":1236,"menu_order":0,"comment_status":"closed","ping_status":"closed","template":"","meta":[],"_links":{"self":[{"href":"https:\/\/portale.unime.it\/agon\/wp-json\/wp\/v2\/pages\/566"}],"collection":[{"href":"https:\/\/portale.unime.it\/agon\/wp-json\/wp\/v2\/pages"}],"about":[{"href":"https:\/\/portale.unime.it\/agon\/wp-json\/wp\/v2\/types\/page"}],"author":[{"embeddable":true,"href":"https:\/\/portale.unime.it\/agon\/wp-json\/wp\/v2\/users\/13"}],"replies":[{"embeddable":true,"href":"https:\/\/portale.unime.it\/agon\/wp-json\/wp\/v2\/comments?post=566"}],"version-history":[{"count":31,"href":"https:\/\/portale.unime.it\/agon\/wp-json\/wp\/v2\/pages\/566\/revisions"}],"predecessor-version":[{"id":3221,"href":"https:\/\/portale.unime.it\/agon\/wp-json\/wp\/v2\/pages\/566\/revisions\/3221"}],"up":[{"embeddable":true,"href":"https:\/\/portale.unime.it\/agon\/wp-json\/wp\/v2\/pages\/1236"}],"wp:attachment":[{"href":"https:\/\/portale.unime.it\/agon\/wp-json\/wp\/v2\/media?parent=566"}],"curies":[{"name":"wp","href":"https:\/\/api.w.org\/{rel}","templated":true}]}}