{"id":558,"date":"2015-08-03T10:24:41","date_gmt":"2015-08-03T08:24:41","guid":{"rendered":"http:\/\/portale.unime.it\/agon\/?page_id=558"},"modified":"2020-04-09T19:30:18","modified_gmt":"2020-04-09T17:30:18","slug":"carabetta-carmelo","status":"publish","type":"page","link":"https:\/\/portale.unime.it\/agon\/autori\/a-f\/carabetta-carmelo\/","title":{"rendered":"Carabetta Carmelo"},"content":{"rendered":"<h4 align=\"JUSTIFY\"><strong><a href=\"http:\/\/portale.unime.it\/agon\/files\/2015\/08\/0503.pdf\"><i>Emigrazione: identit\u00e0 regionale, identit\u00e0 nazionale, identit\u00e0 transnazionale e corpo umano\u00a0<\/i><\/a><\/strong><\/h4>\n<h4><a href=\"http:\/\/portale.unime.it\/agon\/files\/2018\/02\/1502.pdf\"><strong><em>Postmodernit\u00e0 e nuove libert\u00e0 sessuali\u00a0<\/em><\/strong><\/a><\/h4>\n<h4><a href=\"http:\/\/portale.unime.it\/agon\/files\/2018\/12\/S1102.pdf\"><strong><em>Amore, cultura e sessualit\u00e0. La liberalizzazione della sessualit\u00e0 come metafora della crisi dei sentimenti e della morale <\/em><\/strong><\/a><\/h4>\n<h4><a href=\"http:\/\/portale.unime.it\/agon\/files\/2019\/12\/2305.pdf\"><b>LA MORTE DEI SENTIMENTI E LA MISERIA DELLE NUOVE IDEOLOGIE. DAL MEDIOEVO AL POSTMODERNISMO<\/b><\/a><\/h4>\n<h4 class=\"p3\"><a href=\"http:\/\/portale.unime.it\/agon\/files\/2020\/04\/2401.pdf\"><span class=\"s1\"><b>LA MORTE ASSISTITA COME METAFORA DI ENDOCANNIBALISMO (<\/b><\/span><\/a><a href=\"http:\/\/portale.unime.it\/agon\/files\/2020\/04\/2401.pdf\"><span class=\"s1\"><b>ASSISTED DYING AS A METAPHOR FOR ENDOCANNIBALISM)<\/b><\/span><\/a><\/h4>\n","protected":false},"excerpt":{"rendered":"<p>Emigrazione: identit\u00e0 regionale, identit\u00e0 nazionale, identit\u00e0 transnazionale e corpo umano\u00a0 Postmodernit\u00e0 e nuove libert\u00e0 sessuali\u00a0 Amore, cultura e sessualit\u00e0. La liberalizzazione della sessualit\u00e0 come metafora della crisi dei sentimenti e della morale LA MORTE DEI SENTIMENTI E LA MISERIA DELLE &hellip; <a href=\"https:\/\/portale.unime.it\/agon\/autori\/a-f\/carabetta-carmelo\/\">Continua a leggere<span class=\"meta-nav\">&rarr;<\/span><\/a><\/p>\n","protected":false},"author":13,"featured_media":0,"parent":1234,"menu_order":0,"comment_status":"closed","ping_status":"closed","template":"","meta":[],"_links":{"self":[{"href":"https:\/\/portale.unime.it\/agon\/wp-json\/wp\/v2\/pages\/558"}],"collection":[{"href":"https:\/\/portale.unime.it\/agon\/wp-json\/wp\/v2\/pages"}],"about":[{"href":"https:\/\/portale.unime.it\/agon\/wp-json\/wp\/v2\/types\/page"}],"author":[{"embeddable":true,"href":"https:\/\/portale.unime.it\/agon\/wp-json\/wp\/v2\/users\/13"}],"replies":[{"embeddable":true,"href":"https:\/\/portale.unime.it\/agon\/wp-json\/wp\/v2\/comments?post=558"}],"version-history":[{"count":9,"href":"https:\/\/portale.unime.it\/agon\/wp-json\/wp\/v2\/pages\/558\/revisions"}],"predecessor-version":[{"id":1894,"href":"https:\/\/portale.unime.it\/agon\/wp-json\/wp\/v2\/pages\/558\/revisions\/1894"}],"up":[{"embeddable":true,"href":"https:\/\/portale.unime.it\/agon\/wp-json\/wp\/v2\/pages\/1234"}],"wp:attachment":[{"href":"https:\/\/portale.unime.it\/agon\/wp-json\/wp\/v2\/media?parent=558"}],"curies":[{"name":"wp","href":"https:\/\/api.w.org\/{rel}","templated":true}]}}