{"id":3653,"date":"2026-02-03T12:32:41","date_gmt":"2026-02-03T11:32:41","guid":{"rendered":"https:\/\/portale.unime.it\/agon\/?page_id=3653"},"modified":"2026-02-03T12:32:41","modified_gmt":"2026-02-03T11:32:41","slug":"campanaro-giacomo","status":"publish","type":"page","link":"https:\/\/portale.unime.it\/agon\/autori\/a-f\/campanaro-giacomo\/","title":{"rendered":"Campanaro Giacomo"},"content":{"rendered":"<h4><a href=\"http:\/\/portale.unime.it\/agon\/files\/2026\/02\/4702.pdf\">Patrones y tendencias en la subtitulaci\u00f3n de unidades fraseol\u00f3gicas: un estudio espa\u00f1ol-italiano<\/a> <a href=\"http:\/\/portale.unime.it\/agon\/files\/2026\/02\/4702.pdf\">\/<\/a>\u00a0<a href=\"http:\/\/portale.unime.it\/agon\/files\/2026\/02\/4702.pdf\">[Patterns and Trends in the Subtitling of Phrasal Units: a Spanish-Italian Study]<\/a><\/h4>\n<h4><\/h4>\n","protected":false},"excerpt":{"rendered":"<p>Patrones y tendencias en la subtitulaci\u00f3n de unidades fraseol\u00f3gicas: un estudio espa\u00f1ol-italiano \/\u00a0[Patterns and Trends in the Subtitling of Phrasal Units: a Spanish-Italian Study]<\/p>\n","protected":false},"author":13,"featured_media":0,"parent":1234,"menu_order":0,"comment_status":"closed","ping_status":"closed","template":"","meta":[],"_links":{"self":[{"href":"https:\/\/portale.unime.it\/agon\/wp-json\/wp\/v2\/pages\/3653"}],"collection":[{"href":"https:\/\/portale.unime.it\/agon\/wp-json\/wp\/v2\/pages"}],"about":[{"href":"https:\/\/portale.unime.it\/agon\/wp-json\/wp\/v2\/types\/page"}],"author":[{"embeddable":true,"href":"https:\/\/portale.unime.it\/agon\/wp-json\/wp\/v2\/users\/13"}],"replies":[{"embeddable":true,"href":"https:\/\/portale.unime.it\/agon\/wp-json\/wp\/v2\/comments?post=3653"}],"version-history":[{"count":1,"href":"https:\/\/portale.unime.it\/agon\/wp-json\/wp\/v2\/pages\/3653\/revisions"}],"predecessor-version":[{"id":3654,"href":"https:\/\/portale.unime.it\/agon\/wp-json\/wp\/v2\/pages\/3653\/revisions\/3654"}],"up":[{"embeddable":true,"href":"https:\/\/portale.unime.it\/agon\/wp-json\/wp\/v2\/pages\/1234"}],"wp:attachment":[{"href":"https:\/\/portale.unime.it\/agon\/wp-json\/wp\/v2\/media?parent=3653"}],"curies":[{"name":"wp","href":"https:\/\/api.w.org\/{rel}","templated":true}]}}