{"id":3489,"date":"2025-04-11T21:59:53","date_gmt":"2025-04-11T19:59:53","guid":{"rendered":"https:\/\/portale.unime.it\/agon\/?page_id=3489"},"modified":"2025-04-11T22:00:31","modified_gmt":"2025-04-11T20:00:31","slug":"organi-della-rivista","status":"publish","type":"page","link":"https:\/\/portale.unime.it\/agon\/organi-della-rivista\/","title":{"rendered":"Organi della Rivista"},"content":{"rendered":"<h4 style=\"text-align: center\">\u00abAGON\u00bb<\/h4>\n<h4 style=\"text-align: center\">Rivista Internazionale di Studi Culturali, Linguistici e Letterari<\/h4>\n<h4 style=\"text-align: center\">(ISSN 2384-9045)<\/h4>\n<h4 style=\"text-align: center\">Direttore responsabile: Massimo Lagan\u00e0<\/h4>\n<p>&nbsp;<\/p>\n<h4 style=\"text-align: center\">Organi della Rivista<\/h4>\n<p>&nbsp;<\/p>\n<h4><strong>Direzione scientifica: Massimo Lagan\u00e0<\/strong> (Universit\u00e0 degli Studi di Messina, Italia)<br \/>\nTelefono mobile: +393491539544 E-mail: mlagana@unime.it<\/h4>\n<h4><\/h4>\n<p>&nbsp;<\/p>\n<h4><strong>Comitato scientifico:<\/strong><br \/>\n<strong>Francesco Aqueci<\/strong> (gi\u00e0 Universit\u00e0 degli Studi di Messina, Italia)<br \/>\n<strong>Annalisa Bonomo<\/strong> (Universit\u00e0 degli Studi di Enna \u201cKore\u201d, Italia)<br \/>\n<strong>Ignacio Bosque Mu\u00f1oz<\/strong> (Universidad Complutense de Madrid, Espa\u00f1a &#8211; Miembro de<br \/>\nla R.A.E.)<br \/>\n<strong>Anthony Cripps<\/strong> (Nanzan University, Nagoya, Japan)<br \/>\n<strong>Iryna Volodymyrivna Dudko<\/strong> (Dragomanov Ukrainian State University, Kyiv,<br \/>\nUkraine)<br \/>\n<strong>Kadhim Jihad Hassan<\/strong> (Professeur en Litt\u00e9ratures Arabes et Compar\u00e9es, INALCO,<br \/>\nParis, France)<br \/>\n<strong>Philippe Jousset<\/strong> (Universit\u00e9 de Provence Aix-Marseille, France)<br \/>\n<strong>Eric Lecler<\/strong> (Universit\u00e9 de Provence Aix-Marseille, France)<br \/>\n<strong>Svitlana Kulieznova<\/strong> (National Technical University of Ukraine \u201cIgor Sikorsky Kyiv<br \/>\nPolytechnic Institute\u201d, Ukraine)<\/h4>\n<p>&nbsp;<\/p>\n<h4><strong>Comitato editoriale:<\/strong><br \/>\n<strong>Rosario Arias Doblas<\/strong> (Universidad de M\u00e1laga, Espa\u00f1a)<br \/>\n<strong>Francesca De Cesare<\/strong> (Universit\u00e0 di Napoli \u201cL\u2019Orientale\u201d, Italia)<br \/>\n<strong>Luigi Rossi<\/strong> (gi\u00e0 Universit\u00e0 degli Studi di Messina)<br \/>\n<strong>Ve-Yin Tee<\/strong> (Nanzan University, Nagoya, Japan)<br \/>\n<strong>Giuseppe Trovato<\/strong> (Universit\u00e0 Ca\u2019 Foscari, Venezia, Italia)<br \/>\n<strong>Alessandra Vicentini<\/strong> (Universit\u00e0 degli Studi dell\u2019Insubria, Italia)<\/h4>\n","protected":false},"excerpt":{"rendered":"<p>\u00abAGON\u00bb Rivista Internazionale di Studi Culturali, Linguistici e Letterari (ISSN 2384-9045) Direttore responsabile: Massimo Lagan\u00e0 &nbsp; Organi della Rivista &nbsp; Direzione scientifica: Massimo Lagan\u00e0 (Universit\u00e0 degli Studi di Messina, Italia) Telefono mobile: +393491539544 E-mail: mlagana@unime.it &nbsp; Comitato scientifico: Francesco Aqueci &hellip; <a href=\"https:\/\/portale.unime.it\/agon\/organi-della-rivista\/\">Continua a leggere<span class=\"meta-nav\">&rarr;<\/span><\/a><\/p>\n","protected":false},"author":13,"featured_media":0,"parent":0,"menu_order":0,"comment_status":"closed","ping_status":"closed","template":"","meta":[],"_links":{"self":[{"href":"https:\/\/portale.unime.it\/agon\/wp-json\/wp\/v2\/pages\/3489"}],"collection":[{"href":"https:\/\/portale.unime.it\/agon\/wp-json\/wp\/v2\/pages"}],"about":[{"href":"https:\/\/portale.unime.it\/agon\/wp-json\/wp\/v2\/types\/page"}],"author":[{"embeddable":true,"href":"https:\/\/portale.unime.it\/agon\/wp-json\/wp\/v2\/users\/13"}],"replies":[{"embeddable":true,"href":"https:\/\/portale.unime.it\/agon\/wp-json\/wp\/v2\/comments?post=3489"}],"version-history":[{"count":2,"href":"https:\/\/portale.unime.it\/agon\/wp-json\/wp\/v2\/pages\/3489\/revisions"}],"predecessor-version":[{"id":3491,"href":"https:\/\/portale.unime.it\/agon\/wp-json\/wp\/v2\/pages\/3489\/revisions\/3491"}],"wp:attachment":[{"href":"https:\/\/portale.unime.it\/agon\/wp-json\/wp\/v2\/media?parent=3489"}],"curies":[{"name":"wp","href":"https:\/\/api.w.org\/{rel}","templated":true}]}}