{"id":3393,"date":"2024-10-17T10:01:14","date_gmt":"2024-10-17T08:01:14","guid":{"rendered":"https:\/\/portale.unime.it\/agon\/?page_id=3393"},"modified":"2024-10-17T10:02:50","modified_gmt":"2024-10-17T08:02:50","slug":"ariolfo-rosana","status":"publish","type":"page","link":"https:\/\/portale.unime.it\/agon\/autori\/a-f\/ariolfo-rosana\/","title":{"rendered":"Ariolfo Rosana"},"content":{"rendered":"<h4><\/h4>\n<h4><a href=\"http:\/\/portale.unime.it\/agon\/files\/2024\/10\/4202.pdf\"><strong>El tratamiento de los sin\u00f3nimos en la lexicograf\u00eda sinon\u00edmica actual del espa\u00f1ol \/<\/strong><\/a>\u00a0<a href=\"http:\/\/portale.unime.it\/agon\/files\/2024\/10\/4202.pdf\"><strong>THE TREATMENT OF SYNONYMS IN CURRENT SPANISH SYNONYMIC LEXICOGRAPHY<\/strong><\/a><\/h4>\n","protected":false},"excerpt":{"rendered":"<p>El tratamiento de los sin\u00f3nimos en la lexicograf\u00eda sinon\u00edmica actual del espa\u00f1ol \/\u00a0THE TREATMENT OF SYNONYMS IN CURRENT SPANISH SYNONYMIC LEXICOGRAPHY<\/p>\n","protected":false},"author":13,"featured_media":0,"parent":1234,"menu_order":0,"comment_status":"closed","ping_status":"closed","template":"","meta":[],"_links":{"self":[{"href":"https:\/\/portale.unime.it\/agon\/wp-json\/wp\/v2\/pages\/3393"}],"collection":[{"href":"https:\/\/portale.unime.it\/agon\/wp-json\/wp\/v2\/pages"}],"about":[{"href":"https:\/\/portale.unime.it\/agon\/wp-json\/wp\/v2\/types\/page"}],"author":[{"embeddable":true,"href":"https:\/\/portale.unime.it\/agon\/wp-json\/wp\/v2\/users\/13"}],"replies":[{"embeddable":true,"href":"https:\/\/portale.unime.it\/agon\/wp-json\/wp\/v2\/comments?post=3393"}],"version-history":[{"count":1,"href":"https:\/\/portale.unime.it\/agon\/wp-json\/wp\/v2\/pages\/3393\/revisions"}],"predecessor-version":[{"id":3394,"href":"https:\/\/portale.unime.it\/agon\/wp-json\/wp\/v2\/pages\/3393\/revisions\/3394"}],"up":[{"embeddable":true,"href":"https:\/\/portale.unime.it\/agon\/wp-json\/wp\/v2\/pages\/1234"}],"wp:attachment":[{"href":"https:\/\/portale.unime.it\/agon\/wp-json\/wp\/v2\/media?parent=3393"}],"curies":[{"name":"wp","href":"https:\/\/api.w.org\/{rel}","templated":true}]}}