{"id":3365,"date":"2024-07-01T07:18:16","date_gmt":"2024-07-01T05:18:16","guid":{"rendered":"https:\/\/portale.unime.it\/agon\/?page_id=3365"},"modified":"2024-07-01T07:18:16","modified_gmt":"2024-07-01T05:18:16","slug":"fragapane-federica","status":"publish","type":"page","link":"https:\/\/portale.unime.it\/agon\/autori\/a-f\/fragapane-federica\/","title":{"rendered":"Fragapane Federica"},"content":{"rendered":"<h4><a href=\"http:\/\/portale.unime.it\/agon\/files\/2024\/07\/4103.pdf\"><strong>LOS M\u00daLTIPLES USOS DE <em>ANDARE<\/em> A TRAV\u00c9S DE LOS DICCIONARIOS BILING\u00dcES<\/strong> <strong>ITALIANO-ESPA\u00d1OL <\/strong><\/a><\/h4>\n<h4><a href=\"http:\/\/portale.unime.it\/agon\/files\/2024\/07\/4103.pdf\"><strong>THE MULTIPLE USES OF <em>ANDARE<\/em> THROUGH BILINGUAL ITALIAN-SPANISH DICTIONARIES<\/strong><\/a><\/h4>\n","protected":false},"excerpt":{"rendered":"<p>LOS M\u00daLTIPLES USOS DE ANDARE A TRAV\u00c9S DE LOS DICCIONARIOS BILING\u00dcES ITALIANO-ESPA\u00d1OL THE MULTIPLE USES OF ANDARE THROUGH BILINGUAL ITALIAN-SPANISH DICTIONARIES<\/p>\n","protected":false},"author":13,"featured_media":0,"parent":1234,"menu_order":0,"comment_status":"closed","ping_status":"closed","template":"","meta":[],"_links":{"self":[{"href":"https:\/\/portale.unime.it\/agon\/wp-json\/wp\/v2\/pages\/3365"}],"collection":[{"href":"https:\/\/portale.unime.it\/agon\/wp-json\/wp\/v2\/pages"}],"about":[{"href":"https:\/\/portale.unime.it\/agon\/wp-json\/wp\/v2\/types\/page"}],"author":[{"embeddable":true,"href":"https:\/\/portale.unime.it\/agon\/wp-json\/wp\/v2\/users\/13"}],"replies":[{"embeddable":true,"href":"https:\/\/portale.unime.it\/agon\/wp-json\/wp\/v2\/comments?post=3365"}],"version-history":[{"count":1,"href":"https:\/\/portale.unime.it\/agon\/wp-json\/wp\/v2\/pages\/3365\/revisions"}],"predecessor-version":[{"id":3366,"href":"https:\/\/portale.unime.it\/agon\/wp-json\/wp\/v2\/pages\/3365\/revisions\/3366"}],"up":[{"embeddable":true,"href":"https:\/\/portale.unime.it\/agon\/wp-json\/wp\/v2\/pages\/1234"}],"wp:attachment":[{"href":"https:\/\/portale.unime.it\/agon\/wp-json\/wp\/v2\/media?parent=3365"}],"curies":[{"name":"wp","href":"https:\/\/api.w.org\/{rel}","templated":true}]}}