{"id":3260,"date":"2024-02-23T13:30:50","date_gmt":"2024-02-23T12:30:50","guid":{"rendered":"https:\/\/portale.unime.it\/agon\/?page_id=3260"},"modified":"2024-04-30T10:25:40","modified_gmt":"2024-04-30T08:25:40","slug":"palmegiani-angelika","status":"publish","type":"page","link":"https:\/\/portale.unime.it\/agon\/autori\/m-r\/palmegiani-angelika\/","title":{"rendered":"Palmegiani Angelika"},"content":{"rendered":"<h4><a href=\"http:\/\/portale.unime.it\/agon\/files\/2024\/02\/3902.pdf\"><strong>L\u2019IMPIEGO DEL REPERTORIO CULTURALE POPOLARE NEL ROMANZO MAROCCHINO. IL CASO DI <\/strong><strong><em>AL-NAMIR AL-F\u012aTN\u0100M\u012a<\/em><\/strong><strong> DI \u1e24ASAN BA\u1e24R\u0100W\u012a<\/strong><\/a><\/h4>\n<h4><a href=\"http:\/\/portale.unime.it\/agon\/files\/2024\/02\/3902.pdf\"><strong>THE FOLK CULTURAL REPERTOIRE IN THE MOROCCAN NOVEL. <\/strong><strong><em>AL-NAMIR AL-F\u012aTN\u0100M\u012a<\/em><\/strong><strong> BY \u1e24ASAN BA\u1e24R\u0100W\u012a AS A CASE STUDY<\/strong>\u00a0<\/a><\/h4>\n<h4><a href=\"http:\/\/portale.unime.it\/agon\/files\/2024\/04\/4003.pdf\"><strong>L\u2019IMMAGINE DELL\u2019ALTRO NELLA LETTERATURA DI VIAGGIO: ANALISI DI <em>MAROCCO<\/em> DI EDMONDO DE AMICIS <\/strong><\/a><\/h4>\n<h4><a href=\"http:\/\/portale.unime.it\/agon\/files\/2024\/04\/4003.pdf\"><strong>PICTURING THE OTHER IN TRAVEL LITERATURE: ANALISYS OF <em>MAROCCO<\/em> BY EDMONDO DE AMICIS<\/strong>\u00a0<\/a><\/h4>\n","protected":false},"excerpt":{"rendered":"<p>L\u2019IMPIEGO DEL REPERTORIO CULTURALE POPOLARE NEL ROMANZO MAROCCHINO. IL CASO DI AL-NAMIR AL-F\u012aTN\u0100M\u012a DI \u1e24ASAN BA\u1e24R\u0100W\u012a THE FOLK CULTURAL REPERTOIRE IN THE MOROCCAN NOVEL. AL-NAMIR AL-F\u012aTN\u0100M\u012a BY \u1e24ASAN BA\u1e24R\u0100W\u012a AS A CASE STUDY\u00a0 L\u2019IMMAGINE DELL\u2019ALTRO NELLA LETTERATURA DI VIAGGIO: ANALISI &hellip; <a href=\"https:\/\/portale.unime.it\/agon\/autori\/m-r\/palmegiani-angelika\/\">Continua a leggere<span class=\"meta-nav\">&rarr;<\/span><\/a><\/p>\n","protected":false},"author":13,"featured_media":0,"parent":1238,"menu_order":0,"comment_status":"closed","ping_status":"closed","template":"","meta":[],"_links":{"self":[{"href":"https:\/\/portale.unime.it\/agon\/wp-json\/wp\/v2\/pages\/3260"}],"collection":[{"href":"https:\/\/portale.unime.it\/agon\/wp-json\/wp\/v2\/pages"}],"about":[{"href":"https:\/\/portale.unime.it\/agon\/wp-json\/wp\/v2\/types\/page"}],"author":[{"embeddable":true,"href":"https:\/\/portale.unime.it\/agon\/wp-json\/wp\/v2\/users\/13"}],"replies":[{"embeddable":true,"href":"https:\/\/portale.unime.it\/agon\/wp-json\/wp\/v2\/comments?post=3260"}],"version-history":[{"count":3,"href":"https:\/\/portale.unime.it\/agon\/wp-json\/wp\/v2\/pages\/3260\/revisions"}],"predecessor-version":[{"id":3313,"href":"https:\/\/portale.unime.it\/agon\/wp-json\/wp\/v2\/pages\/3260\/revisions\/3313"}],"up":[{"embeddable":true,"href":"https:\/\/portale.unime.it\/agon\/wp-json\/wp\/v2\/pages\/1238"}],"wp:attachment":[{"href":"https:\/\/portale.unime.it\/agon\/wp-json\/wp\/v2\/media?parent=3260"}],"curies":[{"name":"wp","href":"https:\/\/api.w.org\/{rel}","templated":true}]}}