{"id":2689,"date":"2021-06-20T19:29:19","date_gmt":"2021-06-20T17:29:19","guid":{"rendered":"https:\/\/portale.unime.it\/agon\/?page_id=2689"},"modified":"2021-06-20T19:29:19","modified_gmt":"2021-06-20T17:29:19","slug":"russo-mariachiara","status":"publish","type":"page","link":"https:\/\/portale.unime.it\/agon\/autori\/m-r\/russo-mariachiara\/","title":{"rendered":"Russo Mariachiara"},"content":{"rendered":"<h4><a href=\"http:\/\/portale.unime.it\/agon\/files\/2021\/06\/S1708.pdf\"><strong>EL AN\u00c1LISIS DE ERRORES Y SU APLICACI\u00d3N A LA INTERPRETACI\u00d3N SIMULT\u00c1NEA \/ <\/strong><\/a><a href=\"http:\/\/portale.unime.it\/agon\/files\/2021\/06\/S1708.pdf\"><strong>ERROR ANALYSIS AND ITS APPLICATION TO SIMULTANEOUS INTERPRETING<\/strong><\/a><\/h4>\n","protected":false},"excerpt":{"rendered":"<p>EL AN\u00c1LISIS DE ERRORES Y SU APLICACI\u00d3N A LA INTERPRETACI\u00d3N SIMULT\u00c1NEA \/ ERROR ANALYSIS AND ITS APPLICATION TO SIMULTANEOUS INTERPRETING<\/p>\n","protected":false},"author":13,"featured_media":0,"parent":1238,"menu_order":0,"comment_status":"closed","ping_status":"closed","template":"","meta":[],"_links":{"self":[{"href":"https:\/\/portale.unime.it\/agon\/wp-json\/wp\/v2\/pages\/2689"}],"collection":[{"href":"https:\/\/portale.unime.it\/agon\/wp-json\/wp\/v2\/pages"}],"about":[{"href":"https:\/\/portale.unime.it\/agon\/wp-json\/wp\/v2\/types\/page"}],"author":[{"embeddable":true,"href":"https:\/\/portale.unime.it\/agon\/wp-json\/wp\/v2\/users\/13"}],"replies":[{"embeddable":true,"href":"https:\/\/portale.unime.it\/agon\/wp-json\/wp\/v2\/comments?post=2689"}],"version-history":[{"count":1,"href":"https:\/\/portale.unime.it\/agon\/wp-json\/wp\/v2\/pages\/2689\/revisions"}],"predecessor-version":[{"id":2690,"href":"https:\/\/portale.unime.it\/agon\/wp-json\/wp\/v2\/pages\/2689\/revisions\/2690"}],"up":[{"embeddable":true,"href":"https:\/\/portale.unime.it\/agon\/wp-json\/wp\/v2\/pages\/1238"}],"wp:attachment":[{"href":"https:\/\/portale.unime.it\/agon\/wp-json\/wp\/v2\/media?parent=2689"}],"curies":[{"name":"wp","href":"https:\/\/api.w.org\/{rel}","templated":true}]}}