{"id":2680,"date":"2021-06-20T19:19:47","date_gmt":"2021-06-20T17:19:47","guid":{"rendered":"https:\/\/portale.unime.it\/agon\/?page_id=2680"},"modified":"2021-06-20T19:23:29","modified_gmt":"2021-06-20T17:23:29","slug":"mata-pastor-carmen","status":"publish","type":"page","link":"https:\/\/portale.unime.it\/agon\/autori\/m-r\/mata-pastor-carmen\/","title":{"rendered":"Mata Pastor Carmen"},"content":{"rendered":"<h4><a href=\"http:\/\/portale.unime.it\/agon\/files\/2021\/06\/S1706.pdf\"><strong>LA TRADUCCI\u00d3N A LA VISTA: COMPETENCIA ESTRAT\u00c9GICA Y DIRECCIONALIDAD. UN CASO DID\u00c1CTICO \/ <\/strong><\/a><a href=\"http:\/\/portale.unime.it\/agon\/files\/2021\/06\/S1706.pdf\"><strong>SIGHT TRANSLATION: STRATEGIC COMPETENCE AND DIRECTIONALITY. A DIDACTIC CASE<\/strong><\/a><\/h4>\n","protected":false},"excerpt":{"rendered":"<p>LA TRADUCCI\u00d3N A LA VISTA: COMPETENCIA ESTRAT\u00c9GICA Y DIRECCIONALIDAD. UN CASO DID\u00c1CTICO \/ SIGHT TRANSLATION: STRATEGIC COMPETENCE AND DIRECTIONALITY. A DIDACTIC CASE<\/p>\n","protected":false},"author":13,"featured_media":0,"parent":1238,"menu_order":0,"comment_status":"closed","ping_status":"closed","template":"","meta":[],"_links":{"self":[{"href":"https:\/\/portale.unime.it\/agon\/wp-json\/wp\/v2\/pages\/2680"}],"collection":[{"href":"https:\/\/portale.unime.it\/agon\/wp-json\/wp\/v2\/pages"}],"about":[{"href":"https:\/\/portale.unime.it\/agon\/wp-json\/wp\/v2\/types\/page"}],"author":[{"embeddable":true,"href":"https:\/\/portale.unime.it\/agon\/wp-json\/wp\/v2\/users\/13"}],"replies":[{"embeddable":true,"href":"https:\/\/portale.unime.it\/agon\/wp-json\/wp\/v2\/comments?post=2680"}],"version-history":[{"count":3,"href":"https:\/\/portale.unime.it\/agon\/wp-json\/wp\/v2\/pages\/2680\/revisions"}],"predecessor-version":[{"id":2683,"href":"https:\/\/portale.unime.it\/agon\/wp-json\/wp\/v2\/pages\/2680\/revisions\/2683"}],"up":[{"embeddable":true,"href":"https:\/\/portale.unime.it\/agon\/wp-json\/wp\/v2\/pages\/1238"}],"wp:attachment":[{"href":"https:\/\/portale.unime.it\/agon\/wp-json\/wp\/v2\/media?parent=2680"}],"curies":[{"name":"wp","href":"https:\/\/api.w.org\/{rel}","templated":true}]}}