{"id":2678,"date":"2021-06-20T19:18:21","date_gmt":"2021-06-20T17:18:21","guid":{"rendered":"https:\/\/portale.unime.it\/agon\/?page_id=2678"},"modified":"2022-02-22T10:51:07","modified_gmt":"2022-02-22T09:51:07","slug":"gonzalez-rodriguez-maria-jesus","status":"publish","type":"page","link":"https:\/\/portale.unime.it\/agon\/autori\/g-l\/gonzalez-rodriguez-maria-jesus\/","title":{"rendered":"Gonz\u00e1lez Rodr\u00edguez Mar\u00eda Jes\u00fas"},"content":{"rendered":"<h4><a href=\"http:\/\/portale.unime.it\/agon\/files\/2022\/02\/S1705.pdf\"><strong>\u2018HIBRIDACI\u00d3N\u2019 EN LA INTERPRETACI\u00d3N PARA ESCUCHAS TELEF\u00d3NICAS: APUNTES SOBRE LAS T\u00c9CNICAS UTILIZADAS EN SU PROCEDIMIENTO GEN\u00c9RICO \/ <\/strong><\/a><a href=\"http:\/\/portale.unime.it\/agon\/files\/2022\/02\/S1705.pdf\"><strong>\u2018HYBRIDISATION\u2019 IN WIRETAP INTERPRETING: NOTES ON THE TECHNIQUES USED<br \/>\nIN ITS MAIN PROCEDURES<\/strong><\/a><\/h4>\n","protected":false},"excerpt":{"rendered":"<p>\u2018HIBRIDACI\u00d3N\u2019 EN LA INTERPRETACI\u00d3N PARA ESCUCHAS TELEF\u00d3NICAS: APUNTES SOBRE LAS T\u00c9CNICAS UTILIZADAS EN SU PROCEDIMIENTO GEN\u00c9RICO \/ \u2018HYBRIDISATION\u2019 IN WIRETAP INTERPRETING: NOTES ON THE TECHNIQUES USED IN ITS MAIN PROCEDURES<\/p>\n","protected":false},"author":13,"featured_media":0,"parent":1236,"menu_order":0,"comment_status":"closed","ping_status":"closed","template":"","meta":[],"_links":{"self":[{"href":"https:\/\/portale.unime.it\/agon\/wp-json\/wp\/v2\/pages\/2678"}],"collection":[{"href":"https:\/\/portale.unime.it\/agon\/wp-json\/wp\/v2\/pages"}],"about":[{"href":"https:\/\/portale.unime.it\/agon\/wp-json\/wp\/v2\/types\/page"}],"author":[{"embeddable":true,"href":"https:\/\/portale.unime.it\/agon\/wp-json\/wp\/v2\/users\/13"}],"replies":[{"embeddable":true,"href":"https:\/\/portale.unime.it\/agon\/wp-json\/wp\/v2\/comments?post=2678"}],"version-history":[{"count":3,"href":"https:\/\/portale.unime.it\/agon\/wp-json\/wp\/v2\/pages\/2678\/revisions"}],"predecessor-version":[{"id":2909,"href":"https:\/\/portale.unime.it\/agon\/wp-json\/wp\/v2\/pages\/2678\/revisions\/2909"}],"up":[{"embeddable":true,"href":"https:\/\/portale.unime.it\/agon\/wp-json\/wp\/v2\/pages\/1236"}],"wp:attachment":[{"href":"https:\/\/portale.unime.it\/agon\/wp-json\/wp\/v2\/media?parent=2678"}],"curies":[{"name":"wp","href":"https:\/\/api.w.org\/{rel}","templated":true}]}}