{"id":2665,"date":"2021-06-20T19:01:49","date_gmt":"2021-06-20T17:01:49","guid":{"rendered":"https:\/\/portale.unime.it\/agon\/?page_id=2665"},"modified":"2021-06-20T19:06:04","modified_gmt":"2021-06-20T17:06:04","slug":"del-valle-cacela-veronica","status":"publish","type":"page","link":"https:\/\/portale.unime.it\/agon\/autori\/a-f\/del-valle-cacela-veronica\/","title":{"rendered":"Del Valle Cacela Ver\u00f3nica"},"content":{"rendered":"<h4><a href=\"http:\/\/portale.unime.it\/agon\/files\/2021\/06\/S1703.pdf\"><strong>NUEVOS RETOS EN LA FORMACI\u00d3N DE INT\u00c9RPRETES JUDICIALES DE ITALIANO Y ESPA\u00d1OL: ALGUNAS OBSERVACIONES<\/strong><\/a> \/\u00a0<a href=\"http:\/\/portale.unime.it\/agon\/files\/2021\/06\/S1703.pdf\"><strong>NEW CHALLENGES IN TRAINING LEGAL INTERPRETERS WITH PAIR OF LANGUAGES ITALIAN AND SPANISH: SOME REMARKS<\/strong><\/a><\/h4>\n","protected":false},"excerpt":{"rendered":"<p>NUEVOS RETOS EN LA FORMACI\u00d3N DE INT\u00c9RPRETES JUDICIALES DE ITALIANO Y ESPA\u00d1OL: ALGUNAS OBSERVACIONES \/\u00a0NEW CHALLENGES IN TRAINING LEGAL INTERPRETERS WITH PAIR OF LANGUAGES ITALIAN AND SPANISH: SOME REMARKS<\/p>\n","protected":false},"author":13,"featured_media":0,"parent":1234,"menu_order":0,"comment_status":"closed","ping_status":"closed","template":"","meta":[],"_links":{"self":[{"href":"https:\/\/portale.unime.it\/agon\/wp-json\/wp\/v2\/pages\/2665"}],"collection":[{"href":"https:\/\/portale.unime.it\/agon\/wp-json\/wp\/v2\/pages"}],"about":[{"href":"https:\/\/portale.unime.it\/agon\/wp-json\/wp\/v2\/types\/page"}],"author":[{"embeddable":true,"href":"https:\/\/portale.unime.it\/agon\/wp-json\/wp\/v2\/users\/13"}],"replies":[{"embeddable":true,"href":"https:\/\/portale.unime.it\/agon\/wp-json\/wp\/v2\/comments?post=2665"}],"version-history":[{"count":3,"href":"https:\/\/portale.unime.it\/agon\/wp-json\/wp\/v2\/pages\/2665\/revisions"}],"predecessor-version":[{"id":2668,"href":"https:\/\/portale.unime.it\/agon\/wp-json\/wp\/v2\/pages\/2665\/revisions\/2668"}],"up":[{"embeddable":true,"href":"https:\/\/portale.unime.it\/agon\/wp-json\/wp\/v2\/pages\/1234"}],"wp:attachment":[{"href":"https:\/\/portale.unime.it\/agon\/wp-json\/wp\/v2\/media?parent=2665"}],"curies":[{"name":"wp","href":"https:\/\/api.w.org\/{rel}","templated":true}]}}