{"id":2661,"date":"2021-06-20T18:58:59","date_gmt":"2021-06-20T16:58:59","guid":{"rendered":"https:\/\/portale.unime.it\/agon\/?page_id=2661"},"modified":"2021-06-20T19:01:10","modified_gmt":"2021-06-20T17:01:10","slug":"bani-sara","status":"publish","type":"page","link":"https:\/\/portale.unime.it\/agon\/autori\/a-f\/bani-sara\/","title":{"rendered":"Bani Sara"},"content":{"rendered":"<h4><a href=\"http:\/\/portale.unime.it\/agon\/files\/2021\/06\/S1702.pdf\"><strong>LOS MARCADORES DISCURSIVOS EN LA INTERPRETACI\u00d3N SIMULT\u00c1NEA DEL ESPA\u00d1OL AL ITALIANO<\/strong><\/a> \/\u00a0<a href=\"http:\/\/portale.unime.it\/agon\/files\/2021\/06\/S1702.pdf\"><strong>DISCOURSE MARKERS IN SIMULTANEOUS INTERPRETING FROM SPANISH INTO ITALIAN\u00a0<\/strong><\/a><\/h4>\n","protected":false},"excerpt":{"rendered":"<p>LOS MARCADORES DISCURSIVOS EN LA INTERPRETACI\u00d3N SIMULT\u00c1NEA DEL ESPA\u00d1OL AL ITALIANO \/\u00a0DISCOURSE MARKERS IN SIMULTANEOUS INTERPRETING FROM SPANISH INTO ITALIAN\u00a0<\/p>\n","protected":false},"author":13,"featured_media":0,"parent":1234,"menu_order":0,"comment_status":"closed","ping_status":"closed","template":"","meta":[],"_links":{"self":[{"href":"https:\/\/portale.unime.it\/agon\/wp-json\/wp\/v2\/pages\/2661"}],"collection":[{"href":"https:\/\/portale.unime.it\/agon\/wp-json\/wp\/v2\/pages"}],"about":[{"href":"https:\/\/portale.unime.it\/agon\/wp-json\/wp\/v2\/types\/page"}],"author":[{"embeddable":true,"href":"https:\/\/portale.unime.it\/agon\/wp-json\/wp\/v2\/users\/13"}],"replies":[{"embeddable":true,"href":"https:\/\/portale.unime.it\/agon\/wp-json\/wp\/v2\/comments?post=2661"}],"version-history":[{"count":3,"href":"https:\/\/portale.unime.it\/agon\/wp-json\/wp\/v2\/pages\/2661\/revisions"}],"predecessor-version":[{"id":2664,"href":"https:\/\/portale.unime.it\/agon\/wp-json\/wp\/v2\/pages\/2661\/revisions\/2664"}],"up":[{"embeddable":true,"href":"https:\/\/portale.unime.it\/agon\/wp-json\/wp\/v2\/pages\/1234"}],"wp:attachment":[{"href":"https:\/\/portale.unime.it\/agon\/wp-json\/wp\/v2\/media?parent=2661"}],"curies":[{"name":"wp","href":"https:\/\/api.w.org\/{rel}","templated":true}]}}