{"id":2628,"date":"2021-06-02T19:46:34","date_gmt":"2021-06-02T17:46:34","guid":{"rendered":"https:\/\/portale.unime.it\/agon\/?page_id=2628"},"modified":"2021-06-02T19:47:28","modified_gmt":"2021-06-02T17:47:28","slug":"michienzi-rossella","status":"publish","type":"page","link":"https:\/\/portale.unime.it\/agon\/autori\/m-r\/michienzi-rossella\/","title":{"rendered":"Michienzi Rossella"},"content":{"rendered":"<h4 class=\"p8\"><a href=\"http:\/\/portale.unime.it\/agon\/files\/2021\/06\/S1603.pdf\"><b>LAS M\u00daLTIPLES CARAS DE LA FIDELIDAD TRADUCTORA ENTRE <\/b><b>VESTIGIOS DECIMON\u00d3NICOS Y TEOR\u00cdAS CONTEMPOR\u00c1NEAS &#8211; <\/b><\/a><a href=\"http:\/\/portale.unime.it\/agon\/files\/2021\/06\/S1603.pdf\"><b>THE MULTIPLE FACES OF TRANSLATION FIDELITY BETWEEN NINETEENTH-CENTURY VESTIGES AND CONTEMPORARY THEORIES<\/b><\/a><\/h4>\n<p>&nbsp;<\/p>\n","protected":false},"excerpt":{"rendered":"<p>LAS M\u00daLTIPLES CARAS DE LA FIDELIDAD TRADUCTORA ENTRE VESTIGIOS DECIMON\u00d3NICOS Y TEOR\u00cdAS CONTEMPOR\u00c1NEAS &#8211; THE MULTIPLE FACES OF TRANSLATION FIDELITY BETWEEN NINETEENTH-CENTURY VESTIGES AND CONTEMPORARY THEORIES &nbsp;<\/p>\n","protected":false},"author":13,"featured_media":0,"parent":1238,"menu_order":0,"comment_status":"closed","ping_status":"closed","template":"","meta":[],"_links":{"self":[{"href":"https:\/\/portale.unime.it\/agon\/wp-json\/wp\/v2\/pages\/2628"}],"collection":[{"href":"https:\/\/portale.unime.it\/agon\/wp-json\/wp\/v2\/pages"}],"about":[{"href":"https:\/\/portale.unime.it\/agon\/wp-json\/wp\/v2\/types\/page"}],"author":[{"embeddable":true,"href":"https:\/\/portale.unime.it\/agon\/wp-json\/wp\/v2\/users\/13"}],"replies":[{"embeddable":true,"href":"https:\/\/portale.unime.it\/agon\/wp-json\/wp\/v2\/comments?post=2628"}],"version-history":[{"count":2,"href":"https:\/\/portale.unime.it\/agon\/wp-json\/wp\/v2\/pages\/2628\/revisions"}],"predecessor-version":[{"id":2631,"href":"https:\/\/portale.unime.it\/agon\/wp-json\/wp\/v2\/pages\/2628\/revisions\/2631"}],"up":[{"embeddable":true,"href":"https:\/\/portale.unime.it\/agon\/wp-json\/wp\/v2\/pages\/1238"}],"wp:attachment":[{"href":"https:\/\/portale.unime.it\/agon\/wp-json\/wp\/v2\/media?parent=2628"}],"curies":[{"name":"wp","href":"https:\/\/api.w.org\/{rel}","templated":true}]}}