{"id":2624,"date":"2021-06-02T19:44:00","date_gmt":"2021-06-02T17:44:00","guid":{"rendered":"https:\/\/portale.unime.it\/agon\/?page_id=2624"},"modified":"2021-06-02T19:45:51","modified_gmt":"2021-06-02T17:45:51","slug":"benvenuto-mario-francisco","status":"publish","type":"page","link":"https:\/\/portale.unime.it\/agon\/autori\/a-f\/benvenuto-mario-francisco\/","title":{"rendered":"Benvenuto Mario Francisco"},"content":{"rendered":"<h4 class=\"p8\"><a href=\"http:\/\/portale.unime.it\/agon\/files\/2021\/06\/S1602.pdf\"><b>TRADUCCI\u00d3N INTERSEMI\u00d3TICA O ADAPTACI\u00d3N: LAS EDICIONES ITALIANAS DEL <i>DON JUAN TENORIO<\/i> DE JOS\u00c9 ZORRILLA &#8211; <\/b><\/a><a href=\"http:\/\/portale.unime.it\/agon\/files\/2021\/06\/S1602.pdf\"><b>INTERSEMIOTIC TRANSLATION OR ADAPTATION: THE ITALIAN VERSIONS OF JOS\u00c9 ZORRILLA\u2019S <i>DON JUAN TENORIO<\/i><\/b><\/a><\/h4>\n","protected":false},"excerpt":{"rendered":"<p>TRADUCCI\u00d3N INTERSEMI\u00d3TICA O ADAPTACI\u00d3N: LAS EDICIONES ITALIANAS DEL DON JUAN TENORIO DE JOS\u00c9 ZORRILLA &#8211; INTERSEMIOTIC TRANSLATION OR ADAPTATION: THE ITALIAN VERSIONS OF JOS\u00c9 ZORRILLA\u2019S DON JUAN TENORIO<\/p>\n","protected":false},"author":13,"featured_media":0,"parent":1234,"menu_order":0,"comment_status":"closed","ping_status":"closed","template":"","meta":[],"_links":{"self":[{"href":"https:\/\/portale.unime.it\/agon\/wp-json\/wp\/v2\/pages\/2624"}],"collection":[{"href":"https:\/\/portale.unime.it\/agon\/wp-json\/wp\/v2\/pages"}],"about":[{"href":"https:\/\/portale.unime.it\/agon\/wp-json\/wp\/v2\/types\/page"}],"author":[{"embeddable":true,"href":"https:\/\/portale.unime.it\/agon\/wp-json\/wp\/v2\/users\/13"}],"replies":[{"embeddable":true,"href":"https:\/\/portale.unime.it\/agon\/wp-json\/wp\/v2\/comments?post=2624"}],"version-history":[{"count":2,"href":"https:\/\/portale.unime.it\/agon\/wp-json\/wp\/v2\/pages\/2624\/revisions"}],"predecessor-version":[{"id":2626,"href":"https:\/\/portale.unime.it\/agon\/wp-json\/wp\/v2\/pages\/2624\/revisions\/2626"}],"up":[{"embeddable":true,"href":"https:\/\/portale.unime.it\/agon\/wp-json\/wp\/v2\/pages\/1234"}],"wp:attachment":[{"href":"https:\/\/portale.unime.it\/agon\/wp-json\/wp\/v2\/media?parent=2624"}],"curies":[{"name":"wp","href":"https:\/\/api.w.org\/{rel}","templated":true}]}}