{"id":2617,"date":"2021-06-02T19:34:44","date_gmt":"2021-06-02T17:34:44","guid":{"rendered":"https:\/\/portale.unime.it\/agon\/?page_id=2617"},"modified":"2025-08-22T13:24:51","modified_gmt":"2025-08-22T11:24:51","slug":"quaderno-16","status":"publish","type":"page","link":"https:\/\/portale.unime.it\/agon\/quaderni\/quaderni-11-20\/quaderno-16\/","title":{"rendered":"Quaderno 16"},"content":{"rendered":"<h4 class=\"p8\"><b><i>Quaderno n. 16 di \u00abAGON\u00bb (ISSN 2384-9045)<\/i><\/b><\/h4>\n<h4 class=\"p8\"><b><i>Supplemento al n. 27 (ottobre-dicembre 2020)<\/i><\/b><\/h4>\n<p>&nbsp;<\/p>\n<h4 class=\"p4\" style=\"text-align: center\"><span style=\"color: #ff0000\"><a style=\"color: #ff0000\" href=\"https:\/\/wp.me\/P727kM-pp\"><strong>Luigi Rossi<\/strong><\/a><\/span><\/h4>\n<h4 class=\"p5\" style=\"text-align: center\"><span style=\"color: #ff0000\"><strong>(a cura di)<\/strong><\/span><\/h4>\n<p>&nbsp;<\/p>\n<h4 class=\"p5\" style=\"text-align: center\"><a href=\"https:\/\/wp.me\/P727kM-Gk\"><i>Mario Francisco Benvenuto <\/i><\/a><span class=\"s1\" style=\"color: #2e8bb3\"><i>\u2666 <\/i><\/span><a href=\"https:\/\/wp.me\/P727kM-gD\"><i>Francesco Crapanzano<\/i><\/a><\/h4>\n<h4 class=\"p5\" style=\"text-align: center\"><a href=\"https:\/\/wp.me\/P727kM-3q\"><i>Massimo Lagan\u00e0 <\/i><\/a><span class=\"s1\" style=\"color: #2e8bb3\"><i>\u2666 <\/i><\/span><a href=\"https:\/\/wp.me\/P727kM-Go\"><i>Rossella Michienzi<\/i><\/a><\/h4>\n<h4 class=\"p5\" style=\"text-align: center\"><a href=\"https:\/\/wp.me\/P727kM-pp\"><i>Luigi Rossi<\/i><\/a><\/h4>\n<p>&nbsp;<\/p>\n<h4 class=\"p4\" style=\"text-align: center\"><span style=\"color: #0000ff\"><b>LINGUA, SCIENZA E COMUNICAZIONE<\/b><\/span><\/h4>\n<p class=\"p4\" style=\"text-align: center\"><span style=\"color: #0000ff\"><b>LANGUAGE, SCIENCE AND COMMUNICATION<\/b><\/span><\/p>\n<p>&nbsp;<\/p>\n<p class=\"p4\" style=\"text-align: center\"><b><i>QUADERNO N. 16<\/i><\/b><\/p>\n<p class=\"p9\" style=\"text-align: center\"><b>INDICE &#8211; <\/b><b>INDEX<\/b><\/p>\n<table class=\"t1\" cellspacing=\"0\" cellpadding=\"0\">\n<tbody>\n<tr>\n<td class=\"td1\" valign=\"top\">\n<h4 class=\"p10\"><a href=\"http:\/\/portale.unime.it\/agon\/files\/2021\/10\/S1600.pdf\"><b>LINGUA, SCIENZA E COMUNICAZIONE<\/b><\/a><\/h4>\n<h4 class=\"p9\"><a href=\"http:\/\/portale.unime.it\/agon\/files\/2021\/10\/S1600.pdf\"><b>LANGUAGE, SCIENCE AND COMMUNICATION<\/b><\/a><\/h4>\n<\/td>\n<\/tr>\n<tr>\n<td class=\"td2\" valign=\"top\">\n<h4 class=\"p8\"><a href=\"https:\/\/wp.me\/P727kM-pp\"><b>Luigi Rossi<\/b><\/a><\/h4>\n<h4 class=\"p8\"><a href=\"http:\/\/portale.unime.it\/agon\/files\/2021\/10\/S1601.pdf\"><b>LA COMUNICAZIONE ATTRAVERSO LA STORIA<\/b><\/a><\/h4>\n<h4 class=\"p8\"><a href=\"http:\/\/portale.unime.it\/agon\/files\/2021\/10\/S1601.pdf\"><b>COMMUNICATION THROUGH HISTORY (p. 3)<\/b><\/a><\/h4>\n<\/td>\n<\/tr>\n<tr>\n<td class=\"td3\" valign=\"top\">\n<h4 class=\"p8\"><a href=\"https:\/\/wp.me\/P727kM-Gk\"><b>Mario Francisco Benvenuto<\/b><\/a><\/h4>\n<h4 class=\"p8\"><a href=\"http:\/\/portale.unime.it\/agon\/files\/2021\/06\/S1602.pdf\"><b>TRADUCCI\u00d3N INTERSEMI\u00d3TICA O ADAPTACI\u00d3N: LAS EDICIONES ITALIANAS DEL <i>DON JUAN TENORIO<\/i> DE JOS\u00c9 ZORRILLA<\/b><\/a><\/h4>\n<h4 class=\"p8\"><a href=\"http:\/\/portale.unime.it\/agon\/files\/2021\/06\/S1602.pdf\"><b>INTERSEMIOTIC TRANSLATION OR ADAPTATION: THE ITALIAN VERSIONS OF JOS\u00c9 ZORRILLA\u2019S <i>DON JUAN TENORIO<\/i> (p. 12)<\/b><\/a><\/h4>\n<\/td>\n<\/tr>\n<tr>\n<td class=\"td4\" valign=\"top\">\n<h4 class=\"p8\"><a href=\"https:\/\/wp.me\/P727kM-Go\"><b>Rossella Michienzi<\/b><\/a><\/h4>\n<h4 class=\"p8\"><a href=\"http:\/\/portale.unime.it\/agon\/files\/2021\/06\/S1603.pdf\"><b>LAS M\u00daLTIPLES CARAS DE LA FIDELIDAD TRADUCTORA ENTRE <\/b><b>VESTIGIOS DECIMON\u00d3NICOS Y TEOR\u00cdAS CONTEMPOR\u00c1NEAS<\/b><\/a><\/h4>\n<h4 class=\"p8\"><a href=\"http:\/\/portale.unime.it\/agon\/files\/2021\/06\/S1603.pdf\"><b>THE MULTIPLE FACES OF TRANSLATION FIDELITY BETWEEN NINETEENTH-CENTURY VESTIGES AND CONTEMPORARY THEORIES (p. 42)<\/b><\/a><\/h4>\n<\/td>\n<\/tr>\n<tr>\n<td class=\"td3\" valign=\"top\">\n<h4 class=\"p8\"><a href=\"https:\/\/wp.me\/P727kM-3q\"><b>Massimo Lagan\u00e0<\/b><\/a><\/h4>\n<h4 class=\"p8\"><a href=\"http:\/\/portale.unime.it\/agon\/files\/2021\/06\/S1604.pdf\"><b>IL \u00abBASIC GLOBAL ENGLISH\u00bb COME LINGUA DI COMUNICAZIONE INTERNAZIONALE<\/b><\/a><\/h4>\n<h4 class=\"p8\"><a href=\"http:\/\/portale.unime.it\/agon\/files\/2021\/06\/S1604.pdf\"><b>\u00abBASIC GLOBAL ENGLISH\u00bb AS AN INTERNATIONAL COMMUNICATION LANGUAGE (p. 68)<\/b><\/a><\/h4>\n<\/td>\n<\/tr>\n<tr>\n<td class=\"td4\" valign=\"top\">\n<h4 class=\"p8\"><a href=\"https:\/\/wp.me\/P727kM-gD\"><b>Francesco Crapanzano<\/b><\/a><\/h4>\n<h4 class=\"p8\"><a href=\"http:\/\/portale.unime.it\/agon\/files\/2021\/06\/S1605.pdf\"><b>GALILEO E LA STRATEGIA COMUNICATIVA DELLE ESPERIENZE DI CADUTA DEI GRAVI DALLA TORRE DI PISA<\/b><\/a><\/h4>\n<h4 class=\"p8\"><a href=\"http:\/\/portale.unime.it\/agon\/files\/2021\/06\/S1605.pdf\"><b>GALILEO AND THE COMMUNICATION STRATEGY OF THE EXPERIENCES OF FALLING BODIES FROM THE TOWER OF PISA (p. 100)<\/b><\/a><\/h4>\n<\/td>\n<\/tr>\n<tr>\n<td class=\"td5\" valign=\"top\">\n<h4 class=\"p11\"><a href=\"http:\/\/portale.unime.it\/agon\/files\/2021\/06\/S1606.pdf\"><b>AGON (p. 118)<\/b><\/a><\/h4>\n<\/td>\n<\/tr>\n<\/tbody>\n<\/table>\n<p class=\"p12\">\n","protected":false},"excerpt":{"rendered":"<p>Quaderno n. 16 di \u00abAGON\u00bb (ISSN 2384-9045) Supplemento al n. 27 (ottobre-dicembre 2020) &nbsp; Luigi Rossi (a cura di) &nbsp; Mario Francisco Benvenuto \u2666 Francesco Crapanzano Massimo Lagan\u00e0 \u2666 Rossella Michienzi Luigi Rossi &nbsp; LINGUA, SCIENZA E COMUNICAZIONE LANGUAGE, SCIENCE &hellip; <a href=\"https:\/\/portale.unime.it\/agon\/quaderni\/quaderni-11-20\/quaderno-16\/\">Continua a leggere<span class=\"meta-nav\">&rarr;<\/span><\/a><\/p>\n","protected":false},"author":13,"featured_media":0,"parent":3579,"menu_order":0,"comment_status":"closed","ping_status":"closed","template":"","meta":[],"_links":{"self":[{"href":"https:\/\/portale.unime.it\/agon\/wp-json\/wp\/v2\/pages\/2617"}],"collection":[{"href":"https:\/\/portale.unime.it\/agon\/wp-json\/wp\/v2\/pages"}],"about":[{"href":"https:\/\/portale.unime.it\/agon\/wp-json\/wp\/v2\/types\/page"}],"author":[{"embeddable":true,"href":"https:\/\/portale.unime.it\/agon\/wp-json\/wp\/v2\/users\/13"}],"replies":[{"embeddable":true,"href":"https:\/\/portale.unime.it\/agon\/wp-json\/wp\/v2\/comments?post=2617"}],"version-history":[{"count":13,"href":"https:\/\/portale.unime.it\/agon\/wp-json\/wp\/v2\/pages\/2617\/revisions"}],"predecessor-version":[{"id":2840,"href":"https:\/\/portale.unime.it\/agon\/wp-json\/wp\/v2\/pages\/2617\/revisions\/2840"}],"up":[{"embeddable":true,"href":"https:\/\/portale.unime.it\/agon\/wp-json\/wp\/v2\/pages\/3579"}],"wp:attachment":[{"href":"https:\/\/portale.unime.it\/agon\/wp-json\/wp\/v2\/media?parent=2617"}],"curies":[{"name":"wp","href":"https:\/\/api.w.org\/{rel}","templated":true}]}}