{"id":2074,"date":"2020-10-01T20:03:59","date_gmt":"2020-10-01T18:03:59","guid":{"rendered":"http:\/\/portale.unime.it\/agon\/?page_id=2074"},"modified":"2020-10-01T20:05:29","modified_gmt":"2020-10-01T18:05:29","slug":"munoz-medrano-maria-candida","status":"publish","type":"page","link":"https:\/\/portale.unime.it\/agon\/autori\/m-r\/munoz-medrano-maria-candida\/","title":{"rendered":"Mu\u00f1oz Medrano Mar\u00eda C\u00e1ndida"},"content":{"rendered":"<h4><a href=\"http:\/\/portale.unime.it\/agon\/files\/2020\/10\/2609.pdf\"><strong>AN\u00c1LISIS LING\u00dc\u00cdSTICO-CONTRASTIVO DE TEXTOS JUR\u00cdDICOS (SENTENCIAS CIVILES) EN ESPA\u00d1OL Y EN ITALIANO DESDE UNA PERSPECTIVA FRASEOL\u00d3GICA \/ <\/strong><\/a><a href=\"http:\/\/portale.unime.it\/agon\/files\/2020\/10\/2609.pdf\"><strong>CONTRASTIVE LINGUISTIC ANALYSIS OF LEGAL TEXTS (CIVIL SENTENCES) IN SPANISH AND ITALIAN FROM A PHRASEOLOGICAL PERSPECTIVE<\/strong><\/a><\/h4>\n","protected":false},"excerpt":{"rendered":"<p>AN\u00c1LISIS LING\u00dc\u00cdSTICO-CONTRASTIVO DE TEXTOS JUR\u00cdDICOS (SENTENCIAS CIVILES) EN ESPA\u00d1OL Y EN ITALIANO DESDE UNA PERSPECTIVA FRASEOL\u00d3GICA \/ CONTRASTIVE LINGUISTIC ANALYSIS OF LEGAL TEXTS (CIVIL SENTENCES) IN SPANISH AND ITALIAN FROM A PHRASEOLOGICAL PERSPECTIVE<\/p>\n","protected":false},"author":13,"featured_media":0,"parent":1238,"menu_order":0,"comment_status":"closed","ping_status":"closed","template":"","meta":[],"_links":{"self":[{"href":"https:\/\/portale.unime.it\/agon\/wp-json\/wp\/v2\/pages\/2074"}],"collection":[{"href":"https:\/\/portale.unime.it\/agon\/wp-json\/wp\/v2\/pages"}],"about":[{"href":"https:\/\/portale.unime.it\/agon\/wp-json\/wp\/v2\/types\/page"}],"author":[{"embeddable":true,"href":"https:\/\/portale.unime.it\/agon\/wp-json\/wp\/v2\/users\/13"}],"replies":[{"embeddable":true,"href":"https:\/\/portale.unime.it\/agon\/wp-json\/wp\/v2\/comments?post=2074"}],"version-history":[{"count":1,"href":"https:\/\/portale.unime.it\/agon\/wp-json\/wp\/v2\/pages\/2074\/revisions"}],"predecessor-version":[{"id":2075,"href":"https:\/\/portale.unime.it\/agon\/wp-json\/wp\/v2\/pages\/2074\/revisions\/2075"}],"up":[{"embeddable":true,"href":"https:\/\/portale.unime.it\/agon\/wp-json\/wp\/v2\/pages\/1238"}],"wp:attachment":[{"href":"https:\/\/portale.unime.it\/agon\/wp-json\/wp\/v2\/media?parent=2074"}],"curies":[{"name":"wp","href":"https:\/\/api.w.org\/{rel}","templated":true}]}}