{"id":1881,"date":"2020-04-09T18:45:19","date_gmt":"2020-04-09T16:45:19","guid":{"rendered":"http:\/\/portale.unime.it\/agon\/?page_id=1881"},"modified":"2020-05-06T10:21:18","modified_gmt":"2020-05-06T08:21:18","slug":"barroso-de-azevedo-adriana","status":"publish","type":"page","link":"https:\/\/portale.unime.it\/agon\/autori\/a-f\/barroso-de-azevedo-adriana\/","title":{"rendered":"Barroso de Azevedo Adriana"},"content":{"rendered":"<h4 class=\"p3\"><a href=\"http:\/\/portale.unime.it\/agon\/files\/2020\/05\/2407.pdf\"><span class=\"s1\"><b>NARRATIVAS DIGITAIS E EDUCA\u00c7\u00c3O: ESTUDO DE CASO DE POSTAGENS NO FACEBOOK SOBRE O PROGRAMA FAR\u00d3IS DO SABER DA PREFEITURA DE CURITIBA-PR (<\/b><\/span><span class=\"s1\"><b>DIGITAL NARRATIVES AND EDUCATION: CASE STUDY OF POSTS ON FACEBOOK ABOUT THE FAROL DO SABER PROJECTS OF THE CITY HALL OF CURITIBA-PR)<\/b><\/span><\/a><\/h4>\n","protected":false},"excerpt":{"rendered":"<p>NARRATIVAS DIGITAIS E EDUCA\u00c7\u00c3O: ESTUDO DE CASO DE POSTAGENS NO FACEBOOK SOBRE O PROGRAMA FAR\u00d3IS DO SABER DA PREFEITURA DE CURITIBA-PR (DIGITAL NARRATIVES AND EDUCATION: CASE STUDY OF POSTS ON FACEBOOK ABOUT THE FAROL DO SABER PROJECTS OF THE CITY &hellip; <a href=\"https:\/\/portale.unime.it\/agon\/autori\/a-f\/barroso-de-azevedo-adriana\/\">Continua a leggere<span class=\"meta-nav\">&rarr;<\/span><\/a><\/p>\n","protected":false},"author":13,"featured_media":0,"parent":1234,"menu_order":0,"comment_status":"closed","ping_status":"closed","template":"","meta":[],"_links":{"self":[{"href":"https:\/\/portale.unime.it\/agon\/wp-json\/wp\/v2\/pages\/1881"}],"collection":[{"href":"https:\/\/portale.unime.it\/agon\/wp-json\/wp\/v2\/pages"}],"about":[{"href":"https:\/\/portale.unime.it\/agon\/wp-json\/wp\/v2\/types\/page"}],"author":[{"embeddable":true,"href":"https:\/\/portale.unime.it\/agon\/wp-json\/wp\/v2\/users\/13"}],"replies":[{"embeddable":true,"href":"https:\/\/portale.unime.it\/agon\/wp-json\/wp\/v2\/comments?post=1881"}],"version-history":[{"count":2,"href":"https:\/\/portale.unime.it\/agon\/wp-json\/wp\/v2\/pages\/1881\/revisions"}],"predecessor-version":[{"id":1905,"href":"https:\/\/portale.unime.it\/agon\/wp-json\/wp\/v2\/pages\/1881\/revisions\/1905"}],"up":[{"embeddable":true,"href":"https:\/\/portale.unime.it\/agon\/wp-json\/wp\/v2\/pages\/1234"}],"wp:attachment":[{"href":"https:\/\/portale.unime.it\/agon\/wp-json\/wp\/v2\/media?parent=1881"}],"curies":[{"name":"wp","href":"https:\/\/api.w.org\/{rel}","templated":true}]}}