{"id":1737,"date":"2019-07-27T20:29:56","date_gmt":"2019-07-27T18:29:56","guid":{"rendered":"http:\/\/portale.unime.it\/agon\/?page_id=1737"},"modified":"2024-02-23T13:37:44","modified_gmt":"2024-02-23T12:37:44","slug":"morabito-stefano","status":"publish","type":"page","link":"https:\/\/portale.unime.it\/agon\/autori\/m-r\/morabito-stefano\/","title":{"rendered":"Morabito Stefano"},"content":{"rendered":"<h4><a href=\"http:\/\/portale.unime.it\/agon\/files\/2019\/07\/2107.pdf\"><b><i>\u00bfPuede una est\u00e9tica basada en las cualidades ontol\u00f3gicas de los objetos dar cuenta del fen\u00f3meno de la est\u00e9tica difusa?<\/i><\/b><\/a><\/h4>\n<h4><a href=\"http:\/\/portale.unime.it\/agon\/files\/2024\/02\/3905.pdf\"><strong><em>Nada de margaritas a los cuerdos:<\/em><\/strong><strong> Desautomatizaci\u00f3n fraseol\u00f3gica en las letras de las canciones de Joaqu\u00edn Sabina <\/strong><\/a><\/h4>\n<h4><a href=\"http:\/\/portale.unime.it\/agon\/files\/2024\/02\/3905.pdf\"><strong><em>Nada de margaritas a los cuerdos: <\/em><\/strong><strong>Phraseological deautomatisation in the lyrics of Joaqu\u00edn Sabina\u2019s songs<\/strong><strong>\u00a0<\/strong><\/a><\/h4>\n","protected":false},"excerpt":{"rendered":"<p>\u00bfPuede una est\u00e9tica basada en las cualidades ontol\u00f3gicas de los objetos dar cuenta del fen\u00f3meno de la est\u00e9tica difusa? Nada de margaritas a los cuerdos: Desautomatizaci\u00f3n fraseol\u00f3gica en las letras de las canciones de Joaqu\u00edn Sabina Nada de margaritas a &hellip; <a href=\"https:\/\/portale.unime.it\/agon\/autori\/m-r\/morabito-stefano\/\">Continua a leggere<span class=\"meta-nav\">&rarr;<\/span><\/a><\/p>\n","protected":false},"author":13,"featured_media":0,"parent":1238,"menu_order":0,"comment_status":"closed","ping_status":"closed","template":"","meta":[],"_links":{"self":[{"href":"https:\/\/portale.unime.it\/agon\/wp-json\/wp\/v2\/pages\/1737"}],"collection":[{"href":"https:\/\/portale.unime.it\/agon\/wp-json\/wp\/v2\/pages"}],"about":[{"href":"https:\/\/portale.unime.it\/agon\/wp-json\/wp\/v2\/types\/page"}],"author":[{"embeddable":true,"href":"https:\/\/portale.unime.it\/agon\/wp-json\/wp\/v2\/users\/13"}],"replies":[{"embeddable":true,"href":"https:\/\/portale.unime.it\/agon\/wp-json\/wp\/v2\/comments?post=1737"}],"version-history":[{"count":2,"href":"https:\/\/portale.unime.it\/agon\/wp-json\/wp\/v2\/pages\/1737\/revisions"}],"predecessor-version":[{"id":3265,"href":"https:\/\/portale.unime.it\/agon\/wp-json\/wp\/v2\/pages\/1737\/revisions\/3265"}],"up":[{"embeddable":true,"href":"https:\/\/portale.unime.it\/agon\/wp-json\/wp\/v2\/pages\/1238"}],"wp:attachment":[{"href":"https:\/\/portale.unime.it\/agon\/wp-json\/wp\/v2\/media?parent=1737"}],"curies":[{"name":"wp","href":"https:\/\/api.w.org\/{rel}","templated":true}]}}