{"id":1721,"date":"2019-07-27T20:15:23","date_gmt":"2019-07-27T18:15:23","guid":{"rendered":"http:\/\/portale.unime.it\/agon\/?page_id=1721"},"modified":"2019-07-27T20:18:56","modified_gmt":"2019-07-27T18:18:56","slug":"dalessandro-marie-jose","status":"publish","type":"page","link":"https:\/\/portale.unime.it\/agon\/autori\/a-f\/dalessandro-marie-jose\/","title":{"rendered":"D\u2019Alessandro Marie-Jos\u00e9"},"content":{"rendered":"<h4><a href=\"http:\/\/portale.unime.it\/agon\/files\/2019\/07\/2101.pdf\"><b><i>Passer du code oral \u00e0 la transcription \u00e9crite des conversations: sous-titrage italien du film fran\u00e7ais \u00abQuai d\u2019Orsay\u00bb<span class=\"Apple-converted-space\">\u00a0<\/span><\/i><\/b><\/a><\/h4>\n","protected":false},"excerpt":{"rendered":"<p>Passer du code oral \u00e0 la transcription \u00e9crite des conversations: sous-titrage italien du film fran\u00e7ais \u00abQuai d\u2019Orsay\u00bb\u00a0<\/p>\n","protected":false},"author":13,"featured_media":0,"parent":1234,"menu_order":0,"comment_status":"closed","ping_status":"closed","template":"","meta":[],"_links":{"self":[{"href":"https:\/\/portale.unime.it\/agon\/wp-json\/wp\/v2\/pages\/1721"}],"collection":[{"href":"https:\/\/portale.unime.it\/agon\/wp-json\/wp\/v2\/pages"}],"about":[{"href":"https:\/\/portale.unime.it\/agon\/wp-json\/wp\/v2\/types\/page"}],"author":[{"embeddable":true,"href":"https:\/\/portale.unime.it\/agon\/wp-json\/wp\/v2\/users\/13"}],"replies":[{"embeddable":true,"href":"https:\/\/portale.unime.it\/agon\/wp-json\/wp\/v2\/comments?post=1721"}],"version-history":[{"count":3,"href":"https:\/\/portale.unime.it\/agon\/wp-json\/wp\/v2\/pages\/1721\/revisions"}],"predecessor-version":[{"id":1724,"href":"https:\/\/portale.unime.it\/agon\/wp-json\/wp\/v2\/pages\/1721\/revisions\/1724"}],"up":[{"embeddable":true,"href":"https:\/\/portale.unime.it\/agon\/wp-json\/wp\/v2\/pages\/1234"}],"wp:attachment":[{"href":"https:\/\/portale.unime.it\/agon\/wp-json\/wp\/v2\/media?parent=1721"}],"curies":[{"name":"wp","href":"https:\/\/api.w.org\/{rel}","templated":true}]}}