{"id":160,"date":"2014-11-17T11:02:28","date_gmt":"2014-11-17T10:02:28","guid":{"rendered":"http:\/\/portale.unime.it\/agon\/?page_id=160"},"modified":"2017-05-01T22:32:38","modified_gmt":"2017-05-01T20:32:38","slug":"tommaso-pietro-romeo","status":"publish","type":"page","link":"https:\/\/portale.unime.it\/agon\/autori\/m-r\/tommaso-pietro-romeo\/","title":{"rendered":"Romeo Tommaso Pietro"},"content":{"rendered":"<p><em><strong><a href=\"http:\/\/agon.unime.it\/files\/2014\/07\/0106.pdf\">La sociedad de la informaci\u00f3n<\/a><\/strong><\/em><\/p>\n<p align=\"JUSTIFY\"><strong><a href=\"http:\/\/portale.unime.it\/agon\/files\/2015\/08\/0504.pdf\"><i>Dise\u00f1o organizativo y creaci\u00f3n de conocimiento<\/i><\/a><\/strong><\/p>\n<p><strong><a href=\"http:\/\/portale.unime.it\/agon\/files\/2015\/11\/0602.pdf\"><em>El camino de la educaci\u00f3n: desde los albores de la Uni\u00f3n Europea hasta la sociedad de la informaci\u00f3n y tecnol\u00f3gica emergente<\/em><\/a><\/strong><\/p>\n<h4><strong><a href=\"http:\/\/portale.unime.it\/agon\/files\/2016\/08\/0902.pdf\"><em>Trabajo social y ciudadan\u00eda hoy: Replantear la ciudadan\u00eda en un contexto democr\u00e1tico intercultural<\/em><\/a><\/strong><\/h4>\n<p>&nbsp;<\/p>\n","protected":false},"excerpt":{"rendered":"<p>La sociedad de la informaci\u00f3n Dise\u00f1o organizativo y creaci\u00f3n de conocimiento El camino de la educaci\u00f3n: desde los albores de la Uni\u00f3n Europea hasta la sociedad de la informaci\u00f3n y tecnol\u00f3gica emergente Trabajo social y ciudadan\u00eda hoy: Replantear la ciudadan\u00eda &hellip; <a href=\"https:\/\/portale.unime.it\/agon\/autori\/m-r\/tommaso-pietro-romeo\/\">Continua a leggere<span class=\"meta-nav\">&rarr;<\/span><\/a><\/p>\n","protected":false},"author":13,"featured_media":0,"parent":1238,"menu_order":0,"comment_status":"closed","ping_status":"closed","template":"","meta":[],"_links":{"self":[{"href":"https:\/\/portale.unime.it\/agon\/wp-json\/wp\/v2\/pages\/160"}],"collection":[{"href":"https:\/\/portale.unime.it\/agon\/wp-json\/wp\/v2\/pages"}],"about":[{"href":"https:\/\/portale.unime.it\/agon\/wp-json\/wp\/v2\/types\/page"}],"author":[{"embeddable":true,"href":"https:\/\/portale.unime.it\/agon\/wp-json\/wp\/v2\/users\/13"}],"replies":[{"embeddable":true,"href":"https:\/\/portale.unime.it\/agon\/wp-json\/wp\/v2\/comments?post=160"}],"version-history":[{"count":9,"href":"https:\/\/portale.unime.it\/agon\/wp-json\/wp\/v2\/pages\/160\/revisions"}],"predecessor-version":[{"id":883,"href":"https:\/\/portale.unime.it\/agon\/wp-json\/wp\/v2\/pages\/160\/revisions\/883"}],"up":[{"embeddable":true,"href":"https:\/\/portale.unime.it\/agon\/wp-json\/wp\/v2\/pages\/1238"}],"wp:attachment":[{"href":"https:\/\/portale.unime.it\/agon\/wp-json\/wp\/v2\/media?parent=160"}],"curies":[{"name":"wp","href":"https:\/\/api.w.org\/{rel}","templated":true}]}}