{"id":155,"date":"2014-11-17T10:58:45","date_gmt":"2014-11-17T09:58:45","guid":{"rendered":"http:\/\/portale.unime.it\/agon\/?page_id=155"},"modified":"2017-05-01T22:25:36","modified_gmt":"2017-05-01T20:25:36","slug":"francesco-idotta","status":"publish","type":"page","link":"https:\/\/portale.unime.it\/agon\/autori\/g-l\/francesco-idotta\/","title":{"rendered":"Idotta Francesco"},"content":{"rendered":"<p style=\"color: #373737\"><em><strong><a style=\"color: #1982d1\" href=\"http:\/\/agon.unime.it\/files\/2014\/07\/0103.pdf\">Mujeres y emigraci\u00f3n. Desde el Sur de Italia a los Estados Unidos. La parte m\u00e1s viva de la poblaci\u00f3n escribe su historia<\/a><\/strong><\/em><\/p>\n<p><a href=\"http:\/\/portale.unime.it\/agon\/files\/2015\/11\/0603.pdf\"><strong><em>Entre sue\u00f1o y realidad: el cuerpo de un\u00a0<\/em><\/strong><strong>Dago<em>\u00a0en los cuentos de John Fante<\/em><\/strong><\/a><\/p>\n","protected":false},"excerpt":{"rendered":"<p>Mujeres y emigraci\u00f3n. Desde el Sur de Italia a los Estados Unidos. La parte m\u00e1s viva de la poblaci\u00f3n escribe su historia Entre sue\u00f1o y realidad: el cuerpo de un\u00a0Dago\u00a0en los cuentos de John Fante<\/p>\n","protected":false},"author":13,"featured_media":0,"parent":1236,"menu_order":0,"comment_status":"closed","ping_status":"closed","template":"","meta":[],"_links":{"self":[{"href":"https:\/\/portale.unime.it\/agon\/wp-json\/wp\/v2\/pages\/155"}],"collection":[{"href":"https:\/\/portale.unime.it\/agon\/wp-json\/wp\/v2\/pages"}],"about":[{"href":"https:\/\/portale.unime.it\/agon\/wp-json\/wp\/v2\/types\/page"}],"author":[{"embeddable":true,"href":"https:\/\/portale.unime.it\/agon\/wp-json\/wp\/v2\/users\/13"}],"replies":[{"embeddable":true,"href":"https:\/\/portale.unime.it\/agon\/wp-json\/wp\/v2\/comments?post=155"}],"version-history":[{"count":6,"href":"https:\/\/portale.unime.it\/agon\/wp-json\/wp\/v2\/pages\/155\/revisions"}],"predecessor-version":[{"id":643,"href":"https:\/\/portale.unime.it\/agon\/wp-json\/wp\/v2\/pages\/155\/revisions\/643"}],"up":[{"embeddable":true,"href":"https:\/\/portale.unime.it\/agon\/wp-json\/wp\/v2\/pages\/1236"}],"wp:attachment":[{"href":"https:\/\/portale.unime.it\/agon\/wp-json\/wp\/v2\/media?parent=155"}],"curies":[{"name":"wp","href":"https:\/\/api.w.org\/{rel}","templated":true}]}}