{"id":1501,"date":"2018-10-09T21:02:01","date_gmt":"2018-10-09T19:02:01","guid":{"rendered":"http:\/\/portale.unime.it\/agon\/?page_id=1501"},"modified":"2018-10-09T21:02:01","modified_gmt":"2018-10-09T19:02:01","slug":"de-armas-frederick-a","status":"publish","type":"page","link":"https:\/\/portale.unime.it\/agon\/autori\/a-f\/de-armas-frederick-a\/","title":{"rendered":"de Armas Frederick A."},"content":{"rendered":"<h4><a href=\"http:\/\/portale.unime.it\/agon\/files\/2018\/10\/S1007.pdf\"><strong><em>Viaje a los cielos \/ viaje a la sabidur\u00eda: Cicer\u00f3n, Macrobio, Bosc\u00e1n, Cervantes y Calder\u00f3n<\/em><\/strong><\/a><\/h4>\n","protected":false},"excerpt":{"rendered":"<p>Viaje a los cielos \/ viaje a la sabidur\u00eda: Cicer\u00f3n, Macrobio, Bosc\u00e1n, Cervantes y Calder\u00f3n<\/p>\n","protected":false},"author":13,"featured_media":0,"parent":1234,"menu_order":0,"comment_status":"closed","ping_status":"closed","template":"","meta":[],"_links":{"self":[{"href":"https:\/\/portale.unime.it\/agon\/wp-json\/wp\/v2\/pages\/1501"}],"collection":[{"href":"https:\/\/portale.unime.it\/agon\/wp-json\/wp\/v2\/pages"}],"about":[{"href":"https:\/\/portale.unime.it\/agon\/wp-json\/wp\/v2\/types\/page"}],"author":[{"embeddable":true,"href":"https:\/\/portale.unime.it\/agon\/wp-json\/wp\/v2\/users\/13"}],"replies":[{"embeddable":true,"href":"https:\/\/portale.unime.it\/agon\/wp-json\/wp\/v2\/comments?post=1501"}],"version-history":[{"count":1,"href":"https:\/\/portale.unime.it\/agon\/wp-json\/wp\/v2\/pages\/1501\/revisions"}],"predecessor-version":[{"id":1502,"href":"https:\/\/portale.unime.it\/agon\/wp-json\/wp\/v2\/pages\/1501\/revisions\/1502"}],"up":[{"embeddable":true,"href":"https:\/\/portale.unime.it\/agon\/wp-json\/wp\/v2\/pages\/1234"}],"wp:attachment":[{"href":"https:\/\/portale.unime.it\/agon\/wp-json\/wp\/v2\/media?parent=1501"}],"curies":[{"name":"wp","href":"https:\/\/api.w.org\/{rel}","templated":true}]}}