{"id":1481,"date":"2018-10-09T21:13:54","date_gmt":"2018-10-09T19:13:54","guid":{"rendered":"http:\/\/portale.unime.it\/agon\/?page_id=1481"},"modified":"2021-09-11T15:59:13","modified_gmt":"2021-09-11T13:59:13","slug":"quaderno-10","status":"publish","type":"page","link":"https:\/\/portale.unime.it\/agon\/quaderni\/quaderni-1-10\/quaderno-10\/","title":{"rendered":"Quaderno 10"},"content":{"rendered":"<div class=\"page\" title=\"Page 1\">\n<div class=\"layoutArea\">\n<div class=\"column\">\n<div class=\"page\" title=\"Page 1\">\n<div class=\"layoutArea\">\n<div class=\"column\">\n<h4 style=\"text-align: center\"><strong>Supplemento al n. 17 (aprile-giugno 2018) di<\/strong><\/h4>\n<h4 style=\"text-align: center\"><strong><em>\u00abAGON\u00bb<\/em><\/strong><\/h4>\n<h4 style=\"text-align: center\"><strong><em>Rivista Internazionale di Studi Culturali, Linguistici e Letterari<\/em><\/strong><\/h4>\n<h4 style=\"text-align: center\"><strong>(ISSN 2384-9045)<\/strong><\/h4>\n<h4 style=\"text-align: center\"><strong><em>Direttore responsabile: Massimo Lagan\u00e0<\/em><\/strong><\/h4>\n<\/div>\n<\/div>\n<\/div>\n<\/div>\n<\/div>\n<\/div>\n<p>&nbsp;<\/p>\n<p>&nbsp;<\/p>\n<div class=\"page\" title=\"Page 1\">\n<div class=\"layoutArea\">\n<div class=\"column\">\n<p style=\"text-align: center\"><a href=\"https:\/\/wp.me\/P727kM-ig\"><strong>Alfredo Rodr\u00edguez L\u00f3pez-V\u00e1zquez<\/strong><\/a><\/p>\n<p style=\"text-align: center\"><strong><span style=\"color: #008fb3\">y<\/span> <a href=\"https:\/\/wp.me\/P727kM-2J\">Giuseppe Trovato<\/a><\/strong><\/p>\n<p style=\"text-align: center\"><span style=\"color: #008fb3\"><strong>(a cargo de)<\/strong><\/span><\/p>\n<p>&nbsp;<\/p>\n<h4 style=\"text-align: center\"><strong><a href=\"https:\/\/wp.me\/P727kM-ig\">Alfredo Rodr\u00edguez L\u00f3pez-V\u00e1zquez<\/a> <span style=\"color: #008fb3\">y<\/span> <a href=\"https:\/\/wp.me\/P727kM-2J\">Giuseppe Trovato<\/a><\/strong><\/h4>\n<h4 style=\"text-align: center\"><strong><a href=\"https:\/\/wp.me\/P727kM-ig\">Alfredo Rodr\u00edguez L\u00f3pez-V\u00e1zquez<\/a> <span style=\"color: #008fb3\">\u2022<\/span> <a href=\"https:\/\/wp.me\/P727kM-o3\">Pilar Couto-Cantero<\/a><\/strong><\/h4>\n<h4 style=\"text-align: center\"><strong><a href=\"https:\/\/wp.me\/P727kM-o5\">Dragana B. Vuki\u0107evi\u0107<\/a> <span style=\"color: #008fb3\">y <\/span><\/strong><a href=\"https:\/\/wp.me\/P727kM-o7\"><strong>Jasna Stojanovi\u0107<\/strong><\/a><\/h4>\n<h4 style=\"text-align: center\"><strong><a href=\"https:\/\/wp.me\/P727kM-o9\">Theodora Grigoriadu<\/a> <span style=\"color: #008fb3\">\u2022 <\/span><\/strong><a href=\"https:\/\/wp.me\/P727kM-ob\"><strong>Alberto L\u00e1zaro<\/strong><\/a><\/h4>\n<h4 style=\"text-align: center\"><strong><a href=\"https:\/\/wp.me\/P727kM-od\">Frederick A. de Armas<\/a>\u00a0<\/strong><strong><span style=\"color: #008fb3\">\u2022<\/span> <a href=\"https:\/\/wp.me\/P727kM-of\">Arturo Rodr<\/a><\/strong><a href=\"https:\/\/wp.me\/P727kM-of\"><strong>\u00edguez<\/strong><\/a><\/h4>\n<h4><\/h4>\n<p>&nbsp;<\/p>\n<h4><\/h4>\n<h4 style=\"text-align: center\"><a href=\"http:\/\/portale.unime.it\/agon\/files\/2018\/10\/S1000.pdf\"><strong>EL VIAJE FANT\u00c1STICO <\/strong><\/a><\/h4>\n<p style=\"text-align: center\"><a href=\"http:\/\/portale.unime.it\/agon\/files\/2018\/10\/S1000.pdf\"><strong>EN LA LITERATURA EUROPEA<\/strong><\/a><\/p>\n<p>&nbsp;<\/p>\n<p style=\"text-align: center\"><strong>\u00cdNDICE<\/strong><\/p>\n<p>&nbsp;<\/p>\n<table style=\"height: 528px\">\n<tbody>\n<tr style=\"height: 22px\">\n<td style=\"height: 22px;width: 574px\">\n<h4><a href=\"http:\/\/portale.unime.it\/agon\/files\/2018\/10\/S1000.pdf\"><strong>EL VIAJE FANT\u00c1STICO EN LA LITERATURA EUROPEA<\/strong><\/a><\/h4>\n<\/td>\n<\/tr>\n<tr style=\"height: 44px\">\n<td style=\"height: 44px;width: 574px\">\n<h4><strong><a href=\"https:\/\/wp.me\/P727kM-ig\">Alfredo Rodr\u00edguez L\u00f3pez-V\u00e1zquez<\/a> <span style=\"color: #008fb3\">y<\/span> <a href=\"https:\/\/wp.me\/P727kM-2J\">Giuseppe Trovato<\/a><\/strong><\/h4>\n<h4><a href=\"http:\/\/portale.unime.it\/agon\/files\/2018\/10\/S1001.pdf\"><strong><em>El viaje fant\u00e1stico en la literatura europea: de Luciano a Jules Verne\u00a0<\/em><\/strong><strong><em>(pp. 3-6)<\/em><\/strong><\/a><\/h4>\n<\/td>\n<\/tr>\n<tr style=\"height: 44px\">\n<td style=\"height: 44px;width: 574px\">\n<h4><a href=\"https:\/\/wp.me\/P727kM-ig\"><strong>Alfredo Rodr\u00edguez L\u00f3pez-V\u00e1zquez<\/strong><\/a><\/h4>\n<h4><a href=\"http:\/\/portale.unime.it\/agon\/files\/2018\/10\/S1002.pdf\"><strong><em>Luciano, el\u00a0<\/em><\/strong><strong>Lazarillo\u00a0<em>y la literatura lucianesca de 1550-1556 (pp. 7-26)<\/em><\/strong><\/a><\/h4>\n<\/td>\n<\/tr>\n<tr style=\"height: 66px\">\n<td style=\"height: 66px;width: 574px\">\n<h4><a href=\"https:\/\/wp.me\/P727kM-o3\"><strong>Pilar Couto-Cantero<\/strong><\/a><\/h4>\n<h4><a href=\"http:\/\/portale.unime.it\/agon\/files\/2018\/10\/S1003.pdf\"><strong><em>Los viajes de Gulliver de Jonathan Swift a la isla flotante de Laputa. Un proyecto multidisciplinar (pp. 27-48)<\/em><\/strong><\/a><\/h4>\n<\/td>\n<\/tr>\n<tr style=\"height: 44px\">\n<td style=\"height: 44px;width: 574px\">\n<h4><strong><a href=\"https:\/\/wp.me\/P727kM-o5\">Dragana B. Vuki\u0107evi\u0107<\/a> <span style=\"color: #008fb3\">y <\/span><\/strong><a href=\"https:\/\/wp.me\/P727kM-o7\"><strong>Jasna Stojanovi\u0107<\/strong><\/a><\/h4>\n<h4><a href=\"http:\/\/portale.unime.it\/agon\/files\/2018\/10\/S1004.pdf\"><strong><em>El viaje fant\u00e1stico en la literatura serbia del siglo XIX <\/em><\/strong><strong><em>(pp. 49-83)<\/em><\/strong><\/a><\/h4>\n<\/td>\n<\/tr>\n<tr style=\"height: 88px\">\n<td style=\"height: 88px;width: 574px\">\n<h4><a href=\"https:\/\/wp.me\/P727kM-o9\"><strong>Theodora Grigoriadu<\/strong><\/a><\/h4>\n<h4><a href=\"http:\/\/portale.unime.it\/agon\/files\/2018\/10\/S1005.pdf\"><strong>Historia Verdadera<em> o\u00a0<\/em>El An\u00f3nimo de 1789<em>: un \u2018vuelo\u2019 de aires lucianescos en las cortes fanariotas de los principados danubianos de Valaquia y Moldavia en el siglo XVIII (pp. 84-111)<\/em><\/strong><\/a><\/h4>\n<\/td>\n<\/tr>\n<tr style=\"height: 66px\">\n<td style=\"height: 66px;width: 574px\">\n<h4><a href=\"https:\/\/wp.me\/P727kM-ob\"><strong>Alberto L\u00e1zaro<\/strong><\/a><\/h4>\n<h4><a href=\"http:\/\/portale.unime.it\/agon\/files\/2018\/10\/S1006.pdf\"><strong>Los viajes de Gulliver<em> de Jonathan Swift: una fantas\u00eda sat\u00edrica y una realidad censurada (pp. 112-148)<\/em><\/strong><\/a><\/h4>\n<\/td>\n<\/tr>\n<tr style=\"height: 66px\">\n<td style=\"height: 66px;width: 574px\">\n<h4><a href=\"https:\/\/wp.me\/P727kM-od\"><strong>Frederick A. de Armas<\/strong><\/a><\/h4>\n<h4><a href=\"http:\/\/portale.unime.it\/agon\/files\/2018\/10\/S1007.pdf\"><strong><em>Viaje a los cielos \/ viaje a la sabidur\u00eda: Cicer\u00f3n, Macrobio, Bosc\u00e1n, Cervantes y Calder\u00f3n (pp. 149-192)<\/em><\/strong><\/a><\/h4>\n<\/td>\n<\/tr>\n<tr style=\"height: 44px\">\n<td style=\"height: 44px;width: 574px\">\n<h4><a href=\"https:\/\/wp.me\/P727kM-of\"><strong>Arturo Rodr<\/strong><strong>\u00edguez<\/strong><\/a><\/h4>\n<h4><a href=\"http:\/\/portale.unime.it\/agon\/files\/2018\/10\/S1008.pdf\"><strong><em>Les voyages dans la lune: de Lucien a Jules Verne (pp. 193-206)<\/em><\/strong><\/a><\/h4>\n<\/td>\n<\/tr>\n<tr style=\"height: 22px\">\n<td style=\"height: 22px;width: 574px\">\n<h4><a href=\"http:\/\/portale.unime.it\/agon\/files\/2018\/10\/S1009.pdf\"><strong><em>Los Autores (pp. 207-209)<\/em><\/strong><\/a><\/h4>\n<\/td>\n<\/tr>\n<tr style=\"height: 22px\">\n<td style=\"height: 22px;width: 574px\">\n<h4><a href=\"http:\/\/portale.unime.it\/agon\/files\/2018\/10\/S1010.pdf\"><strong><em>AGON (pp. 210-213)<\/em><\/strong><\/a><\/h4>\n<\/td>\n<\/tr>\n<\/tbody>\n<\/table>\n<h4><\/h4>\n<\/div>\n<\/div>\n<\/div>\n<div class=\"page\" title=\"Page 2\">\n<p>&nbsp;<\/p>\n<\/div>\n","protected":false},"excerpt":{"rendered":"<p>Supplemento al n. 17 (aprile-giugno 2018) di \u00abAGON\u00bb Rivista Internazionale di Studi Culturali, Linguistici e Letterari (ISSN 2384-9045) Direttore responsabile: Massimo Lagan\u00e0 &nbsp; &nbsp; Alfredo Rodr\u00edguez L\u00f3pez-V\u00e1zquez y Giuseppe Trovato (a cargo de) &nbsp; Alfredo Rodr\u00edguez L\u00f3pez-V\u00e1zquez y Giuseppe Trovato &hellip; <a href=\"https:\/\/portale.unime.it\/agon\/quaderni\/quaderni-1-10\/quaderno-10\/\">Continua a leggere<span class=\"meta-nav\">&rarr;<\/span><\/a><\/p>\n","protected":false},"author":13,"featured_media":0,"parent":2801,"menu_order":0,"comment_status":"closed","ping_status":"closed","template":"","meta":[],"_links":{"self":[{"href":"https:\/\/portale.unime.it\/agon\/wp-json\/wp\/v2\/pages\/1481"}],"collection":[{"href":"https:\/\/portale.unime.it\/agon\/wp-json\/wp\/v2\/pages"}],"about":[{"href":"https:\/\/portale.unime.it\/agon\/wp-json\/wp\/v2\/types\/page"}],"author":[{"embeddable":true,"href":"https:\/\/portale.unime.it\/agon\/wp-json\/wp\/v2\/users\/13"}],"replies":[{"embeddable":true,"href":"https:\/\/portale.unime.it\/agon\/wp-json\/wp\/v2\/comments?post=1481"}],"version-history":[{"count":6,"href":"https:\/\/portale.unime.it\/agon\/wp-json\/wp\/v2\/pages\/1481\/revisions"}],"predecessor-version":[{"id":1516,"href":"https:\/\/portale.unime.it\/agon\/wp-json\/wp\/v2\/pages\/1481\/revisions\/1516"}],"up":[{"embeddable":true,"href":"https:\/\/portale.unime.it\/agon\/wp-json\/wp\/v2\/pages\/2801"}],"wp:attachment":[{"href":"https:\/\/portale.unime.it\/agon\/wp-json\/wp\/v2\/media?parent=1481"}],"curies":[{"name":"wp","href":"https:\/\/api.w.org\/{rel}","templated":true}]}}