{"id":1427,"date":"2018-06-17T21:43:20","date_gmt":"2018-06-17T19:43:20","guid":{"rendered":"http:\/\/portale.unime.it\/agon\/?page_id=1427"},"modified":"2020-06-28T20:22:57","modified_gmt":"2020-06-28T18:22:57","slug":"recupero-angela-monica","status":"publish","type":"page","link":"https:\/\/portale.unime.it\/agon\/autori\/m-r\/recupero-angela-monica\/","title":{"rendered":"Recupero Angela Monica"},"content":{"rendered":"<h4><a href=\"http:\/\/portale.unime.it\/agon\/files\/2018\/06\/1708.pdf\"><strong><em>L\u2019univocit\u00e0 non categoriale dell\u2019essere in Deleuze e la contingenza dell\u2019io in Rorty<\/em><\/strong><\/a><\/h4>\n<h4><a href=\"http:\/\/portale.unime.it\/agon\/files\/2018\/12\/1904.pdf\"><strong><em>La questione ontologica del s\u00e9 in Ric\u0153ur<\/em><\/strong><\/a><\/h4>\n<h4><a href=\"http:\/\/portale.unime.it\/agon\/files\/2019\/05\/S1301.pdf\"><strong><em>Prefazione<\/em><\/strong><\/a><\/h4>\n<h4><a href=\"http:\/\/portale.unime.it\/agon\/files\/2019\/05\/S1305.pdf\"><strong>Il Vangelo secondo Giovanni <em>in Ric\u0153ur<\/em><\/strong><\/a><\/h4>\n<h4 class=\"p17\"><a href=\"http:\/\/portale.unime.it\/agon\/files\/2020\/06\/S1501.pdf\"><span class=\"s1\"><b><i>Prefazione<\/i>\u00a0 \/<\/b><\/span><\/a><a href=\"http:\/\/portale.unime.it\/agon\/files\/2020\/06\/S1501.pdf\"><span class=\"s1\"><b><i> Foreword<\/i><\/b><\/span><\/a><\/h4>\n<h4 class=\"p13\"><a href=\"http:\/\/portale.unime.it\/agon\/files\/2020\/06\/S1507.pdf\"><span class=\"s1\"><b><i>I paradossi del tempo<\/i>\u00a0 \/ <\/b><\/span><\/a><a href=\"http:\/\/portale.unime.it\/agon\/files\/2020\/06\/S1507.pdf\"><span class=\"s1\"><b><i>The paradoxes of time<\/i><\/b><\/span><\/a><\/h4>\n<p>&nbsp;<\/p>\n<p>&nbsp;<\/p>\n","protected":false},"excerpt":{"rendered":"<p>L\u2019univocit\u00e0 non categoriale dell\u2019essere in Deleuze e la contingenza dell\u2019io in Rorty La questione ontologica del s\u00e9 in Ric\u0153ur Prefazione Il Vangelo secondo Giovanni in Ric\u0153ur Prefazione\u00a0 \/ Foreword I paradossi del tempo\u00a0 \/ The paradoxes of time &nbsp; &nbsp;<\/p>\n","protected":false},"author":13,"featured_media":0,"parent":1238,"menu_order":0,"comment_status":"closed","ping_status":"closed","template":"","meta":[],"_links":{"self":[{"href":"https:\/\/portale.unime.it\/agon\/wp-json\/wp\/v2\/pages\/1427"}],"collection":[{"href":"https:\/\/portale.unime.it\/agon\/wp-json\/wp\/v2\/pages"}],"about":[{"href":"https:\/\/portale.unime.it\/agon\/wp-json\/wp\/v2\/types\/page"}],"author":[{"embeddable":true,"href":"https:\/\/portale.unime.it\/agon\/wp-json\/wp\/v2\/users\/13"}],"replies":[{"embeddable":true,"href":"https:\/\/portale.unime.it\/agon\/wp-json\/wp\/v2\/comments?post=1427"}],"version-history":[{"count":6,"href":"https:\/\/portale.unime.it\/agon\/wp-json\/wp\/v2\/pages\/1427\/revisions"}],"predecessor-version":[{"id":1934,"href":"https:\/\/portale.unime.it\/agon\/wp-json\/wp\/v2\/pages\/1427\/revisions\/1934"}],"up":[{"embeddable":true,"href":"https:\/\/portale.unime.it\/agon\/wp-json\/wp\/v2\/pages\/1238"}],"wp:attachment":[{"href":"https:\/\/portale.unime.it\/agon\/wp-json\/wp\/v2\/media?parent=1427"}],"curies":[{"name":"wp","href":"https:\/\/api.w.org\/{rel}","templated":true}]}}