{"id":1358,"date":"2018-02-24T22:29:14","date_gmt":"2018-02-24T21:29:14","guid":{"rendered":"http:\/\/portale.unime.it\/agon\/?page_id=1358"},"modified":"2018-06-17T21:35:53","modified_gmt":"2018-06-17T19:35:53","slug":"mulunda-kazadi-bernard","status":"publish","type":"page","link":"https:\/\/portale.unime.it\/agon\/autori\/m-r\/mulunda-kazadi-bernard\/","title":{"rendered":"Mulunda Kazadi Bernard"},"content":{"rendered":"<h4><a href=\"http:\/\/portale.unime.it\/agon\/files\/2018\/02\/1506.pdf\"><strong><em>Perception des \u00e9tudes des filles par les parents en milieu urbain. <\/em><\/strong><strong><em>\u00ab\u00c9tude men\u00e9e dans la ville de Mwene-Ditu\u00bb<\/em><\/strong><\/a><\/h4>\n<h4 style=\"text-align: justify\"><a href=\"http:\/\/portale.unime.it\/agon\/files\/2018\/06\/1703.pdf\"><strong><em>Contribution de l\u2019Universit\u00e9 au d\u00e9veloppement de la ville de Mwene-Ditu et du territoire de Luilu dans la province de Lomami R\u00e9publique D\u00e9mocratique du Congo<\/em><\/strong><strong><em>\u00a0<\/em><\/strong><\/a><\/h4>\n","protected":false},"excerpt":{"rendered":"<p>Perception des \u00e9tudes des filles par les parents en milieu urbain. \u00ab\u00c9tude men\u00e9e dans la ville de Mwene-Ditu\u00bb Contribution de l\u2019Universit\u00e9 au d\u00e9veloppement de la ville de Mwene-Ditu et du territoire de Luilu dans la province de Lomami R\u00e9publique D\u00e9mocratique &hellip; <a href=\"https:\/\/portale.unime.it\/agon\/autori\/m-r\/mulunda-kazadi-bernard\/\">Continua a leggere<span class=\"meta-nav\">&rarr;<\/span><\/a><\/p>\n","protected":false},"author":13,"featured_media":0,"parent":1238,"menu_order":0,"comment_status":"closed","ping_status":"closed","template":"","meta":[],"_links":{"self":[{"href":"https:\/\/portale.unime.it\/agon\/wp-json\/wp\/v2\/pages\/1358"}],"collection":[{"href":"https:\/\/portale.unime.it\/agon\/wp-json\/wp\/v2\/pages"}],"about":[{"href":"https:\/\/portale.unime.it\/agon\/wp-json\/wp\/v2\/types\/page"}],"author":[{"embeddable":true,"href":"https:\/\/portale.unime.it\/agon\/wp-json\/wp\/v2\/users\/13"}],"replies":[{"embeddable":true,"href":"https:\/\/portale.unime.it\/agon\/wp-json\/wp\/v2\/comments?post=1358"}],"version-history":[{"count":2,"href":"https:\/\/portale.unime.it\/agon\/wp-json\/wp\/v2\/pages\/1358\/revisions"}],"predecessor-version":[{"id":1419,"href":"https:\/\/portale.unime.it\/agon\/wp-json\/wp\/v2\/pages\/1358\/revisions\/1419"}],"up":[{"embeddable":true,"href":"https:\/\/portale.unime.it\/agon\/wp-json\/wp\/v2\/pages\/1238"}],"wp:attachment":[{"href":"https:\/\/portale.unime.it\/agon\/wp-json\/wp\/v2\/media?parent=1358"}],"curies":[{"name":"wp","href":"https:\/\/api.w.org\/{rel}","templated":true}]}}