{"id":1231,"date":"2017-05-01T22:07:49","date_gmt":"2017-05-01T20:07:49","guid":{"rendered":"http:\/\/portale.unime.it\/agon\/?page_id=1231"},"modified":"2017-05-01T22:20:37","modified_gmt":"2017-05-01T20:20:37","slug":"david-coralie","status":"publish","type":"page","link":"https:\/\/portale.unime.it\/agon\/autori\/a-f\/david-coralie\/","title":{"rendered":"David Coralie"},"content":{"rendered":"<h4><a href=\"http:\/\/portale.unime.it\/agon\/files\/2017\/04\/S0818.pdf\"><span style=\"color: #000000\"><strong><em>Le jeu de r\u00f4<\/em><\/strong><strong><em>le sur table, une forme intercr\u00e9ative de conte r\u00e9invent\u00e9 par le ludique?<\/em><\/strong><\/span><\/a><\/h4>\n","protected":false},"excerpt":{"rendered":"<p>Le jeu de r\u00f4le sur table, une forme intercr\u00e9ative de conte r\u00e9invent\u00e9 par le ludique?<\/p>\n","protected":false},"author":13,"featured_media":0,"parent":1234,"menu_order":0,"comment_status":"closed","ping_status":"closed","template":"","meta":[],"_links":{"self":[{"href":"https:\/\/portale.unime.it\/agon\/wp-json\/wp\/v2\/pages\/1231"}],"collection":[{"href":"https:\/\/portale.unime.it\/agon\/wp-json\/wp\/v2\/pages"}],"about":[{"href":"https:\/\/portale.unime.it\/agon\/wp-json\/wp\/v2\/types\/page"}],"author":[{"embeddable":true,"href":"https:\/\/portale.unime.it\/agon\/wp-json\/wp\/v2\/users\/13"}],"replies":[{"embeddable":true,"href":"https:\/\/portale.unime.it\/agon\/wp-json\/wp\/v2\/comments?post=1231"}],"version-history":[{"count":1,"href":"https:\/\/portale.unime.it\/agon\/wp-json\/wp\/v2\/pages\/1231\/revisions"}],"predecessor-version":[{"id":1232,"href":"https:\/\/portale.unime.it\/agon\/wp-json\/wp\/v2\/pages\/1231\/revisions\/1232"}],"up":[{"embeddable":true,"href":"https:\/\/portale.unime.it\/agon\/wp-json\/wp\/v2\/pages\/1234"}],"wp:attachment":[{"href":"https:\/\/portale.unime.it\/agon\/wp-json\/wp\/v2\/media?parent=1231"}],"curies":[{"name":"wp","href":"https:\/\/api.w.org\/{rel}","templated":true}]}}