{"id":1227,"date":"2017-05-01T22:05:37","date_gmt":"2017-05-01T20:05:37","guid":{"rendered":"http:\/\/portale.unime.it\/agon\/?page_id=1227"},"modified":"2017-05-01T22:17:29","modified_gmt":"2017-05-01T20:17:29","slug":"brun-marion","status":"publish","type":"page","link":"https:\/\/portale.unime.it\/agon\/autori\/a-f\/brun-marion\/","title":{"rendered":"Brun Marion"},"content":{"rendered":"<h4><a href=\"http:\/\/portale.unime.it\/agon\/files\/2017\/04\/S0816.pdf\"><span style=\"color: #000000\"><strong><em>Marcel Pagnol, un conteur m\u00e9ridional nostalgique au cin\u00e9ma, \u00e0 la radio et sur disque<\/em><\/strong><\/span><\/a><\/h4>\n","protected":false},"excerpt":{"rendered":"<p>Marcel Pagnol, un conteur m\u00e9ridional nostalgique au cin\u00e9ma, \u00e0 la radio et sur disque<\/p>\n","protected":false},"author":13,"featured_media":0,"parent":1234,"menu_order":0,"comment_status":"closed","ping_status":"closed","template":"","meta":[],"_links":{"self":[{"href":"https:\/\/portale.unime.it\/agon\/wp-json\/wp\/v2\/pages\/1227"}],"collection":[{"href":"https:\/\/portale.unime.it\/agon\/wp-json\/wp\/v2\/pages"}],"about":[{"href":"https:\/\/portale.unime.it\/agon\/wp-json\/wp\/v2\/types\/page"}],"author":[{"embeddable":true,"href":"https:\/\/portale.unime.it\/agon\/wp-json\/wp\/v2\/users\/13"}],"replies":[{"embeddable":true,"href":"https:\/\/portale.unime.it\/agon\/wp-json\/wp\/v2\/comments?post=1227"}],"version-history":[{"count":1,"href":"https:\/\/portale.unime.it\/agon\/wp-json\/wp\/v2\/pages\/1227\/revisions"}],"predecessor-version":[{"id":1228,"href":"https:\/\/portale.unime.it\/agon\/wp-json\/wp\/v2\/pages\/1227\/revisions\/1228"}],"up":[{"embeddable":true,"href":"https:\/\/portale.unime.it\/agon\/wp-json\/wp\/v2\/pages\/1234"}],"wp:attachment":[{"href":"https:\/\/portale.unime.it\/agon\/wp-json\/wp\/v2\/media?parent=1227"}],"curies":[{"name":"wp","href":"https:\/\/api.w.org\/{rel}","templated":true}]}}