{"id":1214,"date":"2017-05-01T21:57:32","date_gmt":"2017-05-01T19:57:32","guid":{"rendered":"http:\/\/portale.unime.it\/agon\/?page_id=1214"},"modified":"2024-05-26T15:49:36","modified_gmt":"2024-05-26T13:49:36","slug":"brochard-cecile","status":"publish","type":"page","link":"https:\/\/portale.unime.it\/agon\/autori\/a-f\/brochard-cecile\/","title":{"rendered":"Brochard C\u00e9cile"},"content":{"rendered":"<h4><a href=\"http:\/\/portale.unime.it\/agon\/files\/2024\/05\/S0811bis.pdf\"><span style=\"color: #000000\"><strong><em>\u00c9<\/em><\/strong><strong><em>thique et esth\u00e9tique du<\/em><\/strong> <strong>Storytelling<\/strong> <strong><em>dans la litt\u00e9rature autochtone contemporaine:<\/em><\/strong><strong> Storyteller <em>(1981) de<\/em> <em>Leslie Marmon Silko<\/em><\/strong><\/span><\/a><\/h4>\n","protected":false},"excerpt":{"rendered":"<p>\u00c9thique et esth\u00e9tique du Storytelling dans la litt\u00e9rature autochtone contemporaine: Storyteller (1981) de Leslie Marmon Silko<\/p>\n","protected":false},"author":13,"featured_media":0,"parent":1234,"menu_order":0,"comment_status":"closed","ping_status":"closed","template":"","meta":[],"_links":{"self":[{"href":"https:\/\/portale.unime.it\/agon\/wp-json\/wp\/v2\/pages\/1214"}],"collection":[{"href":"https:\/\/portale.unime.it\/agon\/wp-json\/wp\/v2\/pages"}],"about":[{"href":"https:\/\/portale.unime.it\/agon\/wp-json\/wp\/v2\/types\/page"}],"author":[{"embeddable":true,"href":"https:\/\/portale.unime.it\/agon\/wp-json\/wp\/v2\/users\/13"}],"replies":[{"embeddable":true,"href":"https:\/\/portale.unime.it\/agon\/wp-json\/wp\/v2\/comments?post=1214"}],"version-history":[{"count":3,"href":"https:\/\/portale.unime.it\/agon\/wp-json\/wp\/v2\/pages\/1214\/revisions"}],"predecessor-version":[{"id":3353,"href":"https:\/\/portale.unime.it\/agon\/wp-json\/wp\/v2\/pages\/1214\/revisions\/3353"}],"up":[{"embeddable":true,"href":"https:\/\/portale.unime.it\/agon\/wp-json\/wp\/v2\/pages\/1234"}],"wp:attachment":[{"href":"https:\/\/portale.unime.it\/agon\/wp-json\/wp\/v2\/media?parent=1214"}],"curies":[{"name":"wp","href":"https:\/\/api.w.org\/{rel}","templated":true}]}}