{"id":1207,"date":"2017-05-01T21:54:10","date_gmt":"2017-05-01T19:54:10","guid":{"rendered":"http:\/\/portale.unime.it\/agon\/?page_id=1207"},"modified":"2017-05-01T22:16:27","modified_gmt":"2017-05-01T20:16:27","slug":"aude-nicolas","status":"publish","type":"page","link":"https:\/\/portale.unime.it\/agon\/autori\/a-f\/aude-nicolas\/","title":{"rendered":"Aude Nicolas"},"content":{"rendered":"<h4><a href=\"http:\/\/portale.unime.it\/agon\/files\/2017\/04\/S0808.pdf\"><span style=\"color: #000000\"><strong>\u00ab<\/strong><strong>P\u00e8re Silas is no Romancist\u00bb. <\/strong><strong><em>La confession, le conte et le m\u00e9tar\u00e9cit dans<\/em><\/strong> <strong>Villette <em>de C. Bront\u00eb<\/em><\/strong><\/span><\/a><\/h4>\n","protected":false},"excerpt":{"rendered":"<p>\u00abP\u00e8re Silas is no Romancist\u00bb. La confession, le conte et le m\u00e9tar\u00e9cit dans Villette de C. Bront\u00eb<\/p>\n","protected":false},"author":13,"featured_media":0,"parent":1234,"menu_order":0,"comment_status":"closed","ping_status":"closed","template":"","meta":[],"_links":{"self":[{"href":"https:\/\/portale.unime.it\/agon\/wp-json\/wp\/v2\/pages\/1207"}],"collection":[{"href":"https:\/\/portale.unime.it\/agon\/wp-json\/wp\/v2\/pages"}],"about":[{"href":"https:\/\/portale.unime.it\/agon\/wp-json\/wp\/v2\/types\/page"}],"author":[{"embeddable":true,"href":"https:\/\/portale.unime.it\/agon\/wp-json\/wp\/v2\/users\/13"}],"replies":[{"embeddable":true,"href":"https:\/\/portale.unime.it\/agon\/wp-json\/wp\/v2\/comments?post=1207"}],"version-history":[{"count":1,"href":"https:\/\/portale.unime.it\/agon\/wp-json\/wp\/v2\/pages\/1207\/revisions"}],"predecessor-version":[{"id":1208,"href":"https:\/\/portale.unime.it\/agon\/wp-json\/wp\/v2\/pages\/1207\/revisions\/1208"}],"up":[{"embeddable":true,"href":"https:\/\/portale.unime.it\/agon\/wp-json\/wp\/v2\/pages\/1234"}],"wp:attachment":[{"href":"https:\/\/portale.unime.it\/agon\/wp-json\/wp\/v2\/media?parent=1207"}],"curies":[{"name":"wp","href":"https:\/\/api.w.org\/{rel}","templated":true}]}}