{"id":1132,"date":"2017-03-28T22:19:33","date_gmt":"2017-03-28T20:19:33","guid":{"rendered":"http:\/\/portale.unime.it\/agon\/?page_id=1132"},"modified":"2018-10-09T20:28:16","modified_gmt":"2018-10-09T18:28:16","slug":"rodriguez-lopez-vazquez-alfredo","status":"publish","type":"page","link":"https:\/\/portale.unime.it\/agon\/autori\/m-r\/rodriguez-lopez-vazquez-alfredo\/","title":{"rendered":"Rodr\u00edguez L\u00f3pez-V\u00e1zquez Alfredo"},"content":{"rendered":"<h4><a href=\"http:\/\/portale.unime.it\/agon\/files\/2017\/03\/1202.pdf\"><strong><em>Luciano de Sam\u00f3sata, Borges y las vastas geograf\u00edas de Ariosto<\/em><\/strong><\/a><\/h4>\n<h4><a href=\"http:\/\/portale.unime.it\/agon\/files\/2018\/10\/S1001.pdf\"><strong><em>El viaje fant\u00e1stico en la literatura europea: de Luciano a Jules Verne<\/em><\/strong><\/a><\/h4>\n<h4><a href=\"http:\/\/portale.unime.it\/agon\/files\/2018\/10\/S1002.pdf\"><strong><em>Luciano, el\u00a0<\/em><\/strong><strong>Lazarillo\u00a0<em>y la literatura lucianesca de 1550-1556<\/em><\/strong><\/a><\/h4>\n<p>&nbsp;<\/p>\n","protected":false},"excerpt":{"rendered":"<p>Luciano de Sam\u00f3sata, Borges y las vastas geograf\u00edas de Ariosto El viaje fant\u00e1stico en la literatura europea: de Luciano a Jules Verne Luciano, el\u00a0Lazarillo\u00a0y la literatura lucianesca de 1550-1556 &nbsp;<\/p>\n","protected":false},"author":13,"featured_media":0,"parent":1238,"menu_order":0,"comment_status":"closed","ping_status":"closed","template":"","meta":[],"_links":{"self":[{"href":"https:\/\/portale.unime.it\/agon\/wp-json\/wp\/v2\/pages\/1132"}],"collection":[{"href":"https:\/\/portale.unime.it\/agon\/wp-json\/wp\/v2\/pages"}],"about":[{"href":"https:\/\/portale.unime.it\/agon\/wp-json\/wp\/v2\/types\/page"}],"author":[{"embeddable":true,"href":"https:\/\/portale.unime.it\/agon\/wp-json\/wp\/v2\/users\/13"}],"replies":[{"embeddable":true,"href":"https:\/\/portale.unime.it\/agon\/wp-json\/wp\/v2\/comments?post=1132"}],"version-history":[{"count":4,"href":"https:\/\/portale.unime.it\/agon\/wp-json\/wp\/v2\/pages\/1132\/revisions"}],"predecessor-version":[{"id":1490,"href":"https:\/\/portale.unime.it\/agon\/wp-json\/wp\/v2\/pages\/1132\/revisions\/1490"}],"up":[{"embeddable":true,"href":"https:\/\/portale.unime.it\/agon\/wp-json\/wp\/v2\/pages\/1238"}],"wp:attachment":[{"href":"https:\/\/portale.unime.it\/agon\/wp-json\/wp\/v2\/media?parent=1132"}],"curies":[{"name":"wp","href":"https:\/\/api.w.org\/{rel}","templated":true}]}}